{"id":1444,"date":"2023-05-29T21:47:22","date_gmt":"2023-05-29T19:47:22","guid":{"rendered":"https:\/\/wpcgh1a0h5.s5gec13u.uber.space\/newsletter\/"},"modified":"2025-12-22T12:39:00","modified_gmt":"2025-12-22T11:39:00","slug":"newsletter","status":"publish","type":"page","link":"https:\/\/esc-info.eu\/cs\/news\/newsletter\/","title":{"rendered":"Newsletter"},"content":{"rendered":"<p><div class=\"tnp tnp-subscription \">\n<form method=\"post\" action=\"https:\/\/esc-info.eu\/cs\/?na=s\">\n<input type=\"hidden\" name=\"nlang\" value=\"\">\n<div class=\"tnp-field tnp-field-firstname\"><label for=\"tnp-1\">First name or full name<\/label>\n<input class=\"tnp-name\" type=\"text\" name=\"nn\" id=\"tnp-1\" value=\"\" placeholder=\"\" required><\/div>\n<div class=\"tnp-field tnp-field-surname\"><label for=\"tnp-2\">Last name<\/label>\n<input class=\"tnp-surname\" type=\"text\" name=\"ns\" id=\"tnp-2\" value=\"\" placeholder=\"\" required><\/div><div class=\"tnp-field tnp-field-email\"><label for=\"tnp-3\">Email<\/label>\n<input class=\"tnp-email\" type=\"email\" name=\"ne\" id=\"tnp-3\" value=\"\" placeholder=\"\" required><\/div>\n<div class=\"tnp-field tnp-privacy-field\"><label><input type=\"checkbox\" name=\"ny\" required class=\"tnp-privacy\"> <a target=\"_blank\" href=\"https:\/\/esc-info.eu\/en\/data-protection\/\">By continuing, you accept the privacy policy<\/a><\/label><\/div><div class=\"tnp-field tnp-field-button\" style=\"text-align: left\"><input class=\"tnp-submit\" type=\"submit\" value=\"Subscribe\" style=\"\">\n<\/div>\n<\/form>\n<\/div>\n<\/p>\n","protected":false},"excerpt":{"rendered":"","protected":false},"author":2,"featured_media":0,"parent":1191,"menu_order":0,"comment_status":"closed","ping_status":"closed","template":"","meta":{"footnotes":"","_links_to":"","_links_to_target":""},"class_list":["post-1444","page","type-page","status-publish","hentry"],"yoast_head":"<!-- This site is optimized with the Yoast SEO plugin v27.4 - https:\/\/yoast.com\/product\/yoast-seo-wordpress\/ -->\n<title>Newsletter<\/title>\n<meta name=\"robots\" content=\"index, follow, max-snippet:-1, max-image-preview:large, max-video-preview:-1\" \/>\n<meta property=\"og:locale\" content=\"cs_CZ\" \/>\n<meta property=\"og:type\" content=\"article\" \/>\n<meta property=\"og:title\" content=\"Newsletter\" \/>\n<meta property=\"og:url\" content=\"https:\/\/esc-info.eu\/cs\/news\/newsletter\/\" \/>\n<meta property=\"og:site_name\" content=\"Evropan\u00e9 za bezpe\u010dn\u00e1 p\u0159ipojen\u00ed\" \/>\n<meta property=\"article:publisher\" content=\"https:\/\/www.facebook.com\/people\/Europeans-for-Safe-Connections-ESC\/100082714988907\/\" \/>\n<meta property=\"article:modified_time\" content=\"2025-12-22T11:39:00+00:00\" \/>\n<meta name=\"twitter:card\" content=\"summary_large_image\" \/>\n<meta name=\"twitter:site\" content=\"@SignECIStop5G\" \/>\n<meta name=\"twitter:label1\" content=\"Odhadovan\u00e1 doba \u010dten\u00ed\" \/>\n\t<meta name=\"twitter:data1\" content=\"1 minuta\" \/>\n<script type=\"application\/ld+json\" class=\"yoast-schema-graph\">{\"@context\":\"https:\\\/\\\/schema.org\",\"@graph\":[{\"@type\":\"WebPage\",\"@id\":\"https:\\\/\\\/esc-info.eu\\\/cs\\\/news\\\/newsletter\\\/\",\"url\":\"https:\\\/\\\/esc-info.eu\\\/cs\\\/news\\\/newsletter\\\/\",\"name\":\"Newsletter - Evropan\u00e9 za bezpe\u010dn\u00e1 p\u0159ipojen\u00ed\",\"isPartOf\":{\"@id\":\"https:\\\/\\\/esc-info.eu\\\/#website\"},\"datePublished\":\"2023-05-29T19:47:22+00:00\",\"dateModified\":\"2025-12-22T11:39:00+00:00\",\"breadcrumb\":{\"@id\":\"https:\\\/\\\/esc-info.eu\\\/cs\\\/news\\\/newsletter\\\/#breadcrumb\"},\"inLanguage\":\"cs\",\"potentialAction\":[{\"@type\":\"ReadAction\",\"target\":[\"https:\\\/\\\/esc-info.eu\\\/cs\\\/news\\\/newsletter\\\/\"]}]},{\"@type\":\"BreadcrumbList\",\"@id\":\"https:\\\/\\\/esc-info.eu\\\/cs\\\/news\\\/newsletter\\\/#breadcrumb\",\"itemListElement\":[{\"@type\":\"ListItem\",\"position\":1,\"name\":\"Dom\u016f\",\"item\":\"https:\\\/\\\/esc-info.eu\\\/\"},{\"@type\":\"ListItem\",\"position\":2,\"name\":\"Novinky\",\"item\":\"https:\\\/\\\/esc-info.eu\\\/news\\\/\"},{\"@type\":\"ListItem\",\"position\":3,\"name\":\"Newsletter\"}]},{\"@type\":\"WebSite\",\"@id\":\"https:\\\/\\\/esc-info.eu\\\/cs\\\/#website\",\"url\":\"https:\\\/\\\/esc-info.eu\\\/cs\\\/\",\"name\":\"Europeans for Safe Connections\",\"description\":\"Evropan\u00e9 za bezpe\u010dn\u00e1 p\u0159ipojen\u00ed\",\"publisher\":{\"@id\":\"https:\\\/\\\/esc-info.eu\\\/cs\\\/#organization\"},\"potentialAction\":[{\"@type\":\"SearchAction\",\"target\":{\"@type\":\"EntryPoint\",\"urlTemplate\":\"https:\\\/\\\/esc-info.eu\\\/cs\\\/?s={search_term_string}\"},\"query-input\":{\"@type\":\"PropertyValueSpecification\",\"valueRequired\":true,\"valueName\":\"search_term_string\"}}],\"inLanguage\":\"cs\"},{\"@type\":\"Organization\",\"@id\":\"https:\\\/\\\/esc-info.eu\\\/cs\\\/#organization\",\"name\":\"Europeans for Safe Connections\",\"url\":\"https:\\\/\\\/esc-info.eu\\\/cs\\\/\",\"logo\":{\"@type\":\"ImageObject\",\"inLanguage\":\"cs\",\"@id\":\"https:\\\/\\\/esc-info.eu\\\/cs\\\/#\\\/schema\\\/logo\\\/image\\\/\",\"url\":\"https:\\\/\\\/esc-info.eu\\\/wp-content\\\/uploads\\\/2025\\\/12\\\/ESC-logo.png\",\"contentUrl\":\"https:\\\/\\\/esc-info.eu\\\/wp-content\\\/uploads\\\/2025\\\/12\\\/ESC-logo.png\",\"width\":500,\"height\":215,\"caption\":\"Europeans for Safe Connections\"},\"image\":{\"@id\":\"https:\\\/\\\/esc-info.eu\\\/cs\\\/#\\\/schema\\\/logo\\\/image\\\/\"},\"sameAs\":[\"https:\\\/\\\/www.facebook.com\\\/people\\\/Europeans-for-Safe-Connections-ESC\\\/100082714988907\\\/\",\"https:\\\/\\\/x.com\\\/SignECIStop5G\",\"https:\\\/\\\/t.me\\\/Stop5G_Stay_Connected_but_Protec\",\"https:\\\/\\\/www.youtube.com\\\/channel\\\/UCj1sDgD1bXyhV5CZU7EzymQ\\\/playlists\",\"https:\\\/\\\/www.instagram.com\\\/Stay_Connected_But_Protected\\\/\"]}]}<\/script>\n<!-- \/ Yoast SEO plugin. -->","yoast_head_json":{"title":"Newsletter","robots":{"index":"index","follow":"follow","max-snippet":"max-snippet:-1","max-image-preview":"max-image-preview:large","max-video-preview":"max-video-preview:-1"},"og_locale":"cs_CZ","og_type":"article","og_title":"Newsletter","og_url":"https:\/\/esc-info.eu\/cs\/news\/newsletter\/","og_site_name":"Evropan\u00e9 za bezpe\u010dn\u00e1 p\u0159ipojen\u00ed","article_publisher":"https:\/\/www.facebook.com\/people\/Europeans-for-Safe-Connections-ESC\/100082714988907\/","article_modified_time":"2025-12-22T11:39:00+00:00","twitter_card":"summary_large_image","twitter_site":"@SignECIStop5G","twitter_misc":{"Odhadovan\u00e1 doba \u010dten\u00ed":"1 minuta"},"schema":{"@context":"https:\/\/schema.org","@graph":[{"@type":"WebPage","@id":"https:\/\/esc-info.eu\/cs\/news\/newsletter\/","url":"https:\/\/esc-info.eu\/cs\/news\/newsletter\/","name":"Newsletter - Evropan\u00e9 za bezpe\u010dn\u00e1 p\u0159ipojen\u00ed","isPartOf":{"@id":"https:\/\/esc-info.eu\/#website"},"datePublished":"2023-05-29T19:47:22+00:00","dateModified":"2025-12-22T11:39:00+00:00","breadcrumb":{"@id":"https:\/\/esc-info.eu\/cs\/news\/newsletter\/#breadcrumb"},"inLanguage":"cs","potentialAction":[{"@type":"ReadAction","target":["https:\/\/esc-info.eu\/cs\/news\/newsletter\/"]}]},{"@type":"BreadcrumbList","@id":"https:\/\/esc-info.eu\/cs\/news\/newsletter\/#breadcrumb","itemListElement":[{"@type":"ListItem","position":1,"name":"Dom\u016f","item":"https:\/\/esc-info.eu\/"},{"@type":"ListItem","position":2,"name":"Novinky","item":"https:\/\/esc-info.eu\/news\/"},{"@type":"ListItem","position":3,"name":"Newsletter"}]},{"@type":"WebSite","@id":"https:\/\/esc-info.eu\/cs\/#website","url":"https:\/\/esc-info.eu\/cs\/","name":"Europeans for Safe Connections","description":"Evropan\u00e9 za bezpe\u010dn\u00e1 p\u0159ipojen\u00ed","publisher":{"@id":"https:\/\/esc-info.eu\/cs\/#organization"},"potentialAction":[{"@type":"SearchAction","target":{"@type":"EntryPoint","urlTemplate":"https:\/\/esc-info.eu\/cs\/?s={search_term_string}"},"query-input":{"@type":"PropertyValueSpecification","valueRequired":true,"valueName":"search_term_string"}}],"inLanguage":"cs"},{"@type":"Organization","@id":"https:\/\/esc-info.eu\/cs\/#organization","name":"Europeans for Safe Connections","url":"https:\/\/esc-info.eu\/cs\/","logo":{"@type":"ImageObject","inLanguage":"cs","@id":"https:\/\/esc-info.eu\/cs\/#\/schema\/logo\/image\/","url":"https:\/\/esc-info.eu\/wp-content\/uploads\/2025\/12\/ESC-logo.png","contentUrl":"https:\/\/esc-info.eu\/wp-content\/uploads\/2025\/12\/ESC-logo.png","width":500,"height":215,"caption":"Europeans for Safe Connections"},"image":{"@id":"https:\/\/esc-info.eu\/cs\/#\/schema\/logo\/image\/"},"sameAs":["https:\/\/www.facebook.com\/people\/Europeans-for-Safe-Connections-ESC\/100082714988907\/","https:\/\/x.com\/SignECIStop5G","https:\/\/t.me\/Stop5G_Stay_Connected_but_Protec","https:\/\/www.youtube.com\/channel\/UCj1sDgD1bXyhV5CZU7EzymQ\/playlists","https:\/\/www.instagram.com\/Stay_Connected_But_Protected\/"]}]}},"_links":{"self":[{"href":"https:\/\/esc-info.eu\/cs\/wp-json\/wp\/v2\/pages\/1444","targetHints":{"allow":["GET"]}}],"collection":[{"href":"https:\/\/esc-info.eu\/cs\/wp-json\/wp\/v2\/pages"}],"about":[{"href":"https:\/\/esc-info.eu\/cs\/wp-json\/wp\/v2\/types\/page"}],"author":[{"embeddable":true,"href":"https:\/\/esc-info.eu\/cs\/wp-json\/wp\/v2\/users\/2"}],"replies":[{"embeddable":true,"href":"https:\/\/esc-info.eu\/cs\/wp-json\/wp\/v2\/comments?post=1444"}],"version-history":[{"count":2,"href":"https:\/\/esc-info.eu\/cs\/wp-json\/wp\/v2\/pages\/1444\/revisions"}],"predecessor-version":[{"id":10708,"href":"https:\/\/esc-info.eu\/cs\/wp-json\/wp\/v2\/pages\/1444\/revisions\/10708"}],"up":[{"embeddable":true,"href":"https:\/\/esc-info.eu\/cs\/wp-json\/wp\/v2\/pages\/1191"}],"wp:attachment":[{"href":"https:\/\/esc-info.eu\/cs\/wp-json\/wp\/v2\/media?parent=1444"}],"curies":[{"name":"wp","href":"https:\/\/api.w.org\/{rel}","templated":true}]}}