{"id":4277,"date":"2023-09-19T20:37:07","date_gmt":"2023-09-19T18:37:07","guid":{"rendered":"https:\/\/esc-info.eu\/?page_id=4277"},"modified":"2026-03-24T22:27:05","modified_gmt":"2026-03-24T21:27:05","slug":"general-assembly","status":"publish","type":"page","link":"https:\/\/esc-info.eu\/cs\/about-us\/general-assembly\/","title":{"rendered":"Valn\u00e9 shrom\u00e1\u017ed\u011bn\u00ed"},"content":{"rendered":"\r\n<p class=\"has-text-align-left\"><strong>V\u00fdro\u010dn\u00ed valn\u00e9 shrom\u00e1\u017ed\u011bn\u00ed ESC se bude konat 8. kv\u011btna od 19:00 do 21:00.<\/strong><\/p>\r\n\r\n\r\n\r\n<p>Setk\u00e1n\u00ed se bude konat online. \u010clenov\u00e9 ESC obdr\u017e\u00ed pozv\u00e1nku a dokumentaci na za\u010d\u00e1tku dubna.<\/p>\r\n\r\n\r\n\r\n<p>Pokud va\u0161e organizace je\u0161t\u011b nen\u00ed \u010dlenem a chcete se z\u00fa\u010dastnit zased\u00e1n\u00ed valn\u00e9 hromady, abyste mohli sledovat zaj\u00edmavou pr\u00e1ci ESC, m\u016f\u017eete se zaregistrovat zde: <a href=\"https:\/\/esc-info.eu\/wp-content\/uploads\/2025\/06\/Membership-Application-2025.docx\">Formul\u00e1\u0159 &#8211; St\u00e1t se \u010dlenem<\/a>. <br>Upozorn\u011bn\u00ed: Placen\u00e9 \u010dlenstv\u00ed nov\u00fdch \u010dlen\u016f mus\u00ed trvat 3 m\u011bs\u00edce, ne\u017e mohou b\u00fdt uplatn\u011bna hlasovac\u00ed pr\u00e1va.<\/p>\r\n\r\n\r\n\r\n<h2 class=\"wp-block-heading\">V\u00fdro\u010dn\u00ed zpr\u00e1va Valn\u00e9ho shrom\u00e1\u017ed\u011bn\u00ed 2025<\/h2>\r\n\r\n\r\n\r\n<p><a href=\"https:\/\/esc-info.eu\/wp-content\/uploads\/assembly\/ESC_Strategy_and_workplan_2025-2026.pdf\" target=\"_blank\" rel=\"noreferrer noopener nofollow\">Strategie a pracovn\u00ed pl\u00e1n ESC na obdob\u00ed 2025\u20132026 (PDF)<\/a><\/p>\r\n\r\n\r\n\r\n<p><a href=\"https:\/\/esc-info.eu\/wp-content\/uploads\/assembly\/Agenda_for_ESC_General%20Assembly_May_8_2025.pdf\" target=\"_blank\" rel=\"noreferrer noopener nofollow\">Agenda ESC pro valn\u00e9 shrom\u00e1\u017ed\u011bn\u00ed 2025 (PDF)<\/a><\/p>\r\n\r\n\r\n\r\n<p><a href=\"https:\/\/esc-info.eu\/wp-content\/uploads\/assembly\/ESC_Annual_Report_2024_Final.pdf\" target=\"_blank\" rel=\"noreferrer noopener nofollow\">V\u00fdro\u010dn\u00ed zpr\u00e1va ESC za rok 2024 (PDF)<\/a><\/p>\r\n\r\n\r\n\r\n<p><a href=\"https:\/\/esc-info.eu\/wp-content\/uploads\/assembly\/Report-ESC-General-Assembly-2025.pdf\" target=\"_blank\" rel=\"noreferrer noopener\">Zpr\u00e1va z valn\u00e9 hromady 2025 (PDF)<\/a><\/p>\r\n\r\n\r\n\r\n<h2 class=\"wp-block-heading\">Zpr\u00e1vy Valn\u00e9ho shrom\u00e1\u017ed\u011bn\u00ed 2024<\/h2>\r\n\r\n\r\n\r\n<p><a href=\"https:\/\/esc-info.eu\/wp-content\/uploads\/assembly\/Report_ESC_General_Assembly_April_2024.pdf\">Zpr\u00e1va valn\u00e9 hromady ESC za rok 2024 (PDF)<\/a><\/p>\r\n\r\n\r\n\r\n<p><a href=\"https:\/\/esc-info.eu\/wp-content\/uploads\/assembly\/ESC_Strategy_of_2024.pdf\">Strategie ESC pro rok 2024 (PDF)<\/a><\/p>\r\n\r\n\r\n\r\n<p><a href=\"https:\/\/esc-info.eu\/wp-content\/uploads\/assembly\/ESC_General_Assembly_2024.pdf\" target=\"_blank\" rel=\"noreferrer noopener\"><\/a><a href=\"https:\/\/esc-info.eu\/wp-content\/uploads\/assembly\/ESC_General_Assembly_2024.pdf\" target=\"_blank\" rel=\"noreferrer noopener\">Agenda ESC pro valn\u00e9 shrom\u00e1\u017ed\u011bn\u00ed 2024 (PDF)<\/a><\/p>\r\n\r\n\r\n\r\n<p><a href=\"https:\/\/esc-info.eu\/wp-content\/uploads\/assembly\/ESC_Annual_Report_2023.pdf\"><\/a><a href=\"https:\/\/esc-info.eu\/wp-content\/uploads\/assembly\/ESC_Annual_Report_2023.pdf\" target=\"_blank\" rel=\"noreferrer noopener\">V\u00fdro\u010dn\u00ed a finan\u010dn\u00ed zpr\u00e1va ESC za rok 2023 (v\u010detn\u011b rozpo\u010dt\u016f na roky 2024 a 2025) (PDF)<\/a><\/p>\r\n\r\n\r\n\r\n<h2 class=\"wp-block-heading\">Zpr\u00e1vy Valn\u00e9ho shrom\u00e1\u017ed\u011bn\u00ed 2023<\/h2>\r\n\r\n\r\n\r\n<p><a href=\"https:\/\/esc-info.eu\/wp-content\/uploads\/assembly\/reportGAoct26.pdf\" target=\"_blank\" rel=\"noreferrer noopener\">Valn\u00e9 shrom\u00e1\u017ed\u011bn\u00ed ESC 26. \u0159\u00edjna 2023 (PDF)<\/a><\/p>\r\n\r\n\r\n\r\n<p><a href=\"https:\/\/esc-info.eu\/wp-content\/uploads\/assembly\/Signed_Report_from_founding_meeting May 2023.pdf\" target=\"_blank\" rel=\"noreferrer noopener\">Zakladatelsk\u00e9 zased\u00e1n\u00ed valn\u00e9 hromady ESC 4. a 11. kv\u011btna 2023 (PDF)<\/a><\/p>\r\n\r\n\r\n\r\n<p><\/p>\r\n","protected":false},"excerpt":{"rendered":"<p>V\u00fdro\u010dn\u00ed valn\u00e9 shrom\u00e1\u017ed\u011bn\u00ed ESC se bude konat 8. kv\u011btna od 19:00 do 21:00. Setk\u00e1n\u00ed se bude konat online. \u010clenov\u00e9 ESC obdr\u017e\u00ed pozv\u00e1nku a dokumentaci na za\u010d\u00e1tku dubna. Pokud va\u0161e organizace je\u0161t\u011b nen\u00ed \u010dlenem a chcete se z\u00fa\u010dastnit zased\u00e1n\u00ed valn\u00e9 hromady, abyste mohli sledovat zaj\u00edmavou pr\u00e1ci ESC, m\u016f\u017eete se zaregistrovat zde: Formul\u00e1\u0159 &#8211; St\u00e1t se \u010dlenem. [&hellip;]<\/p>\n","protected":false},"author":2,"featured_media":6775,"parent":1155,"menu_order":0,"comment_status":"closed","ping_status":"closed","template":"","meta":{"footnotes":"","_links_to":"","_links_to_target":""},"class_list":["post-4277","page","type-page","status-publish","has-post-thumbnail","hentry"],"yoast_head":"<!-- This site is optimized with the Yoast SEO plugin v27.6 - https:\/\/yoast.com\/product\/yoast-seo-wordpress\/ -->\n<title>Valn\u00e9 shrom\u00e1\u017ed\u011bn\u00ed<\/title>\n<meta name=\"description\" content=\"V\u00fdro\u010dn\u00ed valn\u00e9 shrom\u00e1\u017ed\u011bn\u00ed ESC se bude konat 8. kv\u011btna od 19:00 do 21:00. Setk\u00e1n\u00ed se bude konat online. \u010clenov\u00e9 ESC obdr\u017e\u00ed pozv\u00e1nku a dokumentaci na za\u010d\u00e1tku dubna. Pokud va\u0161e organizace je\u0161t\u011b nen\u00ed \u010dlenem a chcete se z\u00fa\u010dastnit zased\u00e1n\u00ed valn\u00e9 hromady, abyste mohli sledovat zaj\u00edmavou pr\u00e1ci ESC, m\u016f\u017eete se zaregistrovat zde: Formul\u00e1\u0159 - St\u00e1t se \u010dlenem.&hellip;\" \/>\n<meta name=\"robots\" content=\"index, follow, max-snippet:-1, max-image-preview:large, max-video-preview:-1\" \/>\n<link rel=\"canonical\" href=\"\" \/>\n<meta property=\"og:locale\" content=\"cs_CZ\" \/>\n<meta property=\"og:type\" content=\"article\" \/>\n<meta property=\"og:title\" content=\"Valn\u00e9 shrom\u00e1\u017ed\u011bn\u00ed\" \/>\n<meta property=\"og:description\" content=\"V\u00fdro\u010dn\u00ed valn\u00e9 shrom\u00e1\u017ed\u011bn\u00ed ESC se bude konat 8. kv\u011btna od 19:00 do 21:00. Setk\u00e1n\u00ed se bude konat online. \u010clenov\u00e9 ESC obdr\u017e\u00ed pozv\u00e1nku a dokumentaci na za\u010d\u00e1tku dubna. Pokud va\u0161e organizace je\u0161t\u011b nen\u00ed \u010dlenem a chcete se z\u00fa\u010dastnit zased\u00e1n\u00ed valn\u00e9 hromady, abyste mohli sledovat zaj\u00edmavou pr\u00e1ci ESC, m\u016f\u017eete se zaregistrovat zde: Formul\u00e1\u0159 - St\u00e1t se \u010dlenem.&hellip;\" \/>\n<meta property=\"og:url\" content=\"https:\/\/esc-info.eu\/cs\/about-us\/general-assembly\/\" \/>\n<meta property=\"og:site_name\" content=\"Evropan\u00e9 za bezpe\u010dn\u00e1 p\u0159ipojen\u00ed\" \/>\n<meta property=\"article:publisher\" content=\"https:\/\/www.facebook.com\/people\/Europeans-for-Safe-Connections-ESC\/100082714988907\/\" \/>\n<meta property=\"article:modified_time\" content=\"2026-03-24T21:27:05+00:00\" \/>\n<meta property=\"og:image\" content=\"https:\/\/esc-info.eu\/wp-content\/uploads\/2024\/03\/general-assembly-2024.jpg\" \/>\n\t<meta property=\"og:image:width\" content=\"1204\" \/>\n\t<meta property=\"og:image:height\" content=\"435\" \/>\n\t<meta property=\"og:image:type\" content=\"image\/jpeg\" \/>\n<meta name=\"twitter:card\" content=\"summary_large_image\" \/>\n<meta name=\"twitter:site\" content=\"@SignECIStop5G\" \/>\n<meta name=\"twitter:label1\" content=\"Odhadovan\u00e1 doba \u010dten\u00ed\" \/>\n\t<meta name=\"twitter:data1\" content=\"1 minuta\" \/>\n<script type=\"application\/ld+json\" class=\"yoast-schema-graph\">{\"@context\":\"https:\\\/\\\/schema.org\",\"@graph\":[{\"@type\":\"WebPage\",\"@id\":\"https:\\\/\\\/esc-info.eu\\\/cs\\\/about-us\\\/general-assembly\\\/\",\"url\":\"https:\\\/\\\/esc-info.eu\\\/cs\\\/about-us\\\/general-assembly\\\/\",\"name\":\"General Assembly - Evropan\u00e9 za bezpe\u010dn\u00e1 p\u0159ipojen\u00ed\",\"isPartOf\":{\"@id\":\"https:\\\/\\\/esc-info.eu\\\/#website\"},\"primaryImageOfPage\":{\"@id\":\"https:\\\/\\\/esc-info.eu\\\/cs\\\/about-us\\\/general-assembly\\\/#primaryimage\"},\"image\":{\"@id\":\"https:\\\/\\\/esc-info.eu\\\/cs\\\/about-us\\\/general-assembly\\\/#primaryimage\"},\"thumbnailUrl\":\"https:\\\/\\\/esc-info.eu\\\/wp-content\\\/uploads\\\/2024\\\/03\\\/general-assembly-2024.jpg\",\"datePublished\":\"2023-09-19T18:37:07+00:00\",\"dateModified\":\"2026-03-24T21:27:05+00:00\",\"breadcrumb\":{\"@id\":\"https:\\\/\\\/esc-info.eu\\\/cs\\\/about-us\\\/general-assembly\\\/#breadcrumb\"},\"inLanguage\":\"cs\",\"potentialAction\":[{\"@type\":\"ReadAction\",\"target\":[\"https:\\\/\\\/esc-info.eu\\\/cs\\\/about-us\\\/general-assembly\\\/\"]}]},{\"@type\":\"ImageObject\",\"inLanguage\":\"cs\",\"@id\":\"https:\\\/\\\/esc-info.eu\\\/cs\\\/about-us\\\/general-assembly\\\/#primaryimage\",\"url\":\"https:\\\/\\\/esc-info.eu\\\/wp-content\\\/uploads\\\/2024\\\/03\\\/general-assembly-2024.jpg\",\"contentUrl\":\"https:\\\/\\\/esc-info.eu\\\/wp-content\\\/uploads\\\/2024\\\/03\\\/general-assembly-2024.jpg\",\"width\":1204,\"height\":435,\"caption\":\"General Assembly\"},{\"@type\":\"BreadcrumbList\",\"@id\":\"https:\\\/\\\/esc-info.eu\\\/cs\\\/about-us\\\/general-assembly\\\/#breadcrumb\",\"itemListElement\":[{\"@type\":\"ListItem\",\"position\":1,\"name\":\"Dom\u016f\",\"item\":\"https:\\\/\\\/esc-info.eu\\\/\"},{\"@type\":\"ListItem\",\"position\":2,\"name\":\"O n\u00e1s\",\"item\":\"https:\\\/\\\/esc-info.eu\\\/about-us\\\/\"},{\"@type\":\"ListItem\",\"position\":3,\"name\":\"Valn\u00e9 shrom\u00e1\u017ed\u011bn\u00ed\"}]},{\"@type\":\"WebSite\",\"@id\":\"https:\\\/\\\/esc-info.eu\\\/cs\\\/#website\",\"url\":\"https:\\\/\\\/esc-info.eu\\\/cs\\\/\",\"name\":\"Europeans for Safe Connections\",\"description\":\"Evropan\u00e9 za bezpe\u010dn\u00e1 p\u0159ipojen\u00ed\",\"publisher\":{\"@id\":\"https:\\\/\\\/esc-info.eu\\\/cs\\\/#organization\"},\"potentialAction\":[{\"@type\":\"SearchAction\",\"target\":{\"@type\":\"EntryPoint\",\"urlTemplate\":\"https:\\\/\\\/esc-info.eu\\\/cs\\\/?s={search_term_string}\"},\"query-input\":{\"@type\":\"PropertyValueSpecification\",\"valueRequired\":true,\"valueName\":\"search_term_string\"}}],\"inLanguage\":\"cs\"},{\"@type\":\"Organization\",\"@id\":\"https:\\\/\\\/esc-info.eu\\\/cs\\\/#organization\",\"name\":\"Europeans for Safe Connections\",\"url\":\"https:\\\/\\\/esc-info.eu\\\/cs\\\/\",\"logo\":{\"@type\":\"ImageObject\",\"inLanguage\":\"cs\",\"@id\":\"https:\\\/\\\/esc-info.eu\\\/cs\\\/#\\\/schema\\\/logo\\\/image\\\/\",\"url\":\"https:\\\/\\\/esc-info.eu\\\/wp-content\\\/uploads\\\/2025\\\/12\\\/ESC-logo.png\",\"contentUrl\":\"https:\\\/\\\/esc-info.eu\\\/wp-content\\\/uploads\\\/2025\\\/12\\\/ESC-logo.png\",\"width\":500,\"height\":215,\"caption\":\"Europeans for Safe Connections\"},\"image\":{\"@id\":\"https:\\\/\\\/esc-info.eu\\\/cs\\\/#\\\/schema\\\/logo\\\/image\\\/\"},\"sameAs\":[\"https:\\\/\\\/www.facebook.com\\\/people\\\/Europeans-for-Safe-Connections-ESC\\\/100082714988907\\\/\",\"https:\\\/\\\/x.com\\\/SignECIStop5G\",\"https:\\\/\\\/t.me\\\/Stop5G_Stay_Connected_but_Protec\",\"https:\\\/\\\/www.youtube.com\\\/channel\\\/UCj1sDgD1bXyhV5CZU7EzymQ\\\/playlists\",\"https:\\\/\\\/www.instagram.com\\\/Stay_Connected_But_Protected\\\/\"]}]}<\/script>\n<!-- \/ Yoast SEO plugin. -->","yoast_head_json":{"title":"Valn\u00e9 shrom\u00e1\u017ed\u011bn\u00ed","description":"V\u00fdro\u010dn\u00ed valn\u00e9 shrom\u00e1\u017ed\u011bn\u00ed ESC se bude konat 8. kv\u011btna od 19:00 do 21:00. Setk\u00e1n\u00ed se bude konat online. \u010clenov\u00e9 ESC obdr\u017e\u00ed pozv\u00e1nku a dokumentaci na za\u010d\u00e1tku dubna. Pokud va\u0161e organizace je\u0161t\u011b nen\u00ed \u010dlenem a chcete se z\u00fa\u010dastnit zased\u00e1n\u00ed valn\u00e9 hromady, abyste mohli sledovat zaj\u00edmavou pr\u00e1ci ESC, m\u016f\u017eete se zaregistrovat zde: Formul\u00e1\u0159 - St\u00e1t se \u010dlenem.&hellip;","robots":{"index":"index","follow":"follow","max-snippet":"max-snippet:-1","max-image-preview":"max-image-preview:large","max-video-preview":"max-video-preview:-1"},"canonical":"V\u00fdro\u010dn\u00ed valn\u00e9 shrom\u00e1\u017ed\u011bn\u00ed ESC se bude konat 8. kv\u011btna od 19:00 do 21:00. Setk\u00e1n\u00ed se bude konat online. \u010clenov\u00e9 ESC obdr\u017e\u00ed pozv\u00e1nku a dokumentaci na za\u010d\u00e1tku dubna. Pokud va\u0161e organizace je\u0161t\u011b nen\u00ed \u010dlenem a chcete se z\u00fa\u010dastnit zased\u00e1n\u00ed valn\u00e9 hromady, abyste mohli sledovat zaj\u00edmavou pr\u00e1ci ESC, m\u016f\u017eete se zaregistrovat zde: Formul\u00e1\u0159 - St\u00e1t se \u010dlenem.&hellip;","og_locale":"cs_CZ","og_type":"article","og_title":"Valn\u00e9 shrom\u00e1\u017ed\u011bn\u00ed","og_description":"V\u00fdro\u010dn\u00ed valn\u00e9 shrom\u00e1\u017ed\u011bn\u00ed ESC se bude konat 8. kv\u011btna od 19:00 do 21:00. Setk\u00e1n\u00ed se bude konat online. \u010clenov\u00e9 ESC obdr\u017e\u00ed pozv\u00e1nku a dokumentaci na za\u010d\u00e1tku dubna. Pokud va\u0161e organizace je\u0161t\u011b nen\u00ed \u010dlenem a chcete se z\u00fa\u010dastnit zased\u00e1n\u00ed valn\u00e9 hromady, abyste mohli sledovat zaj\u00edmavou pr\u00e1ci ESC, m\u016f\u017eete se zaregistrovat zde: Formul\u00e1\u0159 - St\u00e1t se \u010dlenem.&hellip;","og_url":"https:\/\/esc-info.eu\/cs\/about-us\/general-assembly\/","og_site_name":"Evropan\u00e9 za bezpe\u010dn\u00e1 p\u0159ipojen\u00ed","article_publisher":"https:\/\/www.facebook.com\/people\/Europeans-for-Safe-Connections-ESC\/100082714988907\/","article_modified_time":"2026-03-24T21:27:05+00:00","og_image":[{"width":1204,"height":435,"url":"https:\/\/esc-info.eu\/wp-content\/uploads\/2024\/03\/general-assembly-2024.jpg","type":"image\/jpeg"}],"twitter_card":"summary_large_image","twitter_site":"@SignECIStop5G","twitter_misc":{"Odhadovan\u00e1 doba \u010dten\u00ed":"1 minuta"},"schema":{"@context":"https:\/\/schema.org","@graph":[{"@type":"WebPage","@id":"https:\/\/esc-info.eu\/cs\/about-us\/general-assembly\/","url":"https:\/\/esc-info.eu\/cs\/about-us\/general-assembly\/","name":"General Assembly - Evropan\u00e9 za bezpe\u010dn\u00e1 p\u0159ipojen\u00ed","isPartOf":{"@id":"https:\/\/esc-info.eu\/#website"},"primaryImageOfPage":{"@id":"https:\/\/esc-info.eu\/cs\/about-us\/general-assembly\/#primaryimage"},"image":{"@id":"https:\/\/esc-info.eu\/cs\/about-us\/general-assembly\/#primaryimage"},"thumbnailUrl":"https:\/\/esc-info.eu\/wp-content\/uploads\/2024\/03\/general-assembly-2024.jpg","datePublished":"2023-09-19T18:37:07+00:00","dateModified":"2026-03-24T21:27:05+00:00","breadcrumb":{"@id":"https:\/\/esc-info.eu\/cs\/about-us\/general-assembly\/#breadcrumb"},"inLanguage":"cs","potentialAction":[{"@type":"ReadAction","target":["https:\/\/esc-info.eu\/cs\/about-us\/general-assembly\/"]}]},{"@type":"ImageObject","inLanguage":"cs","@id":"https:\/\/esc-info.eu\/cs\/about-us\/general-assembly\/#primaryimage","url":"https:\/\/esc-info.eu\/wp-content\/uploads\/2024\/03\/general-assembly-2024.jpg","contentUrl":"https:\/\/esc-info.eu\/wp-content\/uploads\/2024\/03\/general-assembly-2024.jpg","width":1204,"height":435,"caption":"General Assembly"},{"@type":"BreadcrumbList","@id":"https:\/\/esc-info.eu\/cs\/about-us\/general-assembly\/#breadcrumb","itemListElement":[{"@type":"ListItem","position":1,"name":"Dom\u016f","item":"https:\/\/esc-info.eu\/"},{"@type":"ListItem","position":2,"name":"O n\u00e1s","item":"https:\/\/esc-info.eu\/about-us\/"},{"@type":"ListItem","position":3,"name":"Valn\u00e9 shrom\u00e1\u017ed\u011bn\u00ed"}]},{"@type":"WebSite","@id":"https:\/\/esc-info.eu\/cs\/#website","url":"https:\/\/esc-info.eu\/cs\/","name":"Europeans for Safe Connections","description":"Evropan\u00e9 za bezpe\u010dn\u00e1 p\u0159ipojen\u00ed","publisher":{"@id":"https:\/\/esc-info.eu\/cs\/#organization"},"potentialAction":[{"@type":"SearchAction","target":{"@type":"EntryPoint","urlTemplate":"https:\/\/esc-info.eu\/cs\/?s={search_term_string}"},"query-input":{"@type":"PropertyValueSpecification","valueRequired":true,"valueName":"search_term_string"}}],"inLanguage":"cs"},{"@type":"Organization","@id":"https:\/\/esc-info.eu\/cs\/#organization","name":"Europeans for Safe Connections","url":"https:\/\/esc-info.eu\/cs\/","logo":{"@type":"ImageObject","inLanguage":"cs","@id":"https:\/\/esc-info.eu\/cs\/#\/schema\/logo\/image\/","url":"https:\/\/esc-info.eu\/wp-content\/uploads\/2025\/12\/ESC-logo.png","contentUrl":"https:\/\/esc-info.eu\/wp-content\/uploads\/2025\/12\/ESC-logo.png","width":500,"height":215,"caption":"Europeans for Safe Connections"},"image":{"@id":"https:\/\/esc-info.eu\/cs\/#\/schema\/logo\/image\/"},"sameAs":["https:\/\/www.facebook.com\/people\/Europeans-for-Safe-Connections-ESC\/100082714988907\/","https:\/\/x.com\/SignECIStop5G","https:\/\/t.me\/Stop5G_Stay_Connected_but_Protec","https:\/\/www.youtube.com\/channel\/UCj1sDgD1bXyhV5CZU7EzymQ\/playlists","https:\/\/www.instagram.com\/Stay_Connected_But_Protected\/"]}]}},"_links":{"self":[{"href":"https:\/\/esc-info.eu\/cs\/wp-json\/wp\/v2\/pages\/4277","targetHints":{"allow":["GET"]}}],"collection":[{"href":"https:\/\/esc-info.eu\/cs\/wp-json\/wp\/v2\/pages"}],"about":[{"href":"https:\/\/esc-info.eu\/cs\/wp-json\/wp\/v2\/types\/page"}],"author":[{"embeddable":true,"href":"https:\/\/esc-info.eu\/cs\/wp-json\/wp\/v2\/users\/2"}],"replies":[{"embeddable":true,"href":"https:\/\/esc-info.eu\/cs\/wp-json\/wp\/v2\/comments?post=4277"}],"version-history":[{"count":23,"href":"https:\/\/esc-info.eu\/cs\/wp-json\/wp\/v2\/pages\/4277\/revisions"}],"predecessor-version":[{"id":12696,"href":"https:\/\/esc-info.eu\/cs\/wp-json\/wp\/v2\/pages\/4277\/revisions\/12696"}],"up":[{"embeddable":true,"href":"https:\/\/esc-info.eu\/cs\/wp-json\/wp\/v2\/pages\/1155"}],"wp:featuredmedia":[{"embeddable":true,"href":"https:\/\/esc-info.eu\/cs\/wp-json\/wp\/v2\/media\/6775"}],"wp:attachment":[{"href":"https:\/\/esc-info.eu\/cs\/wp-json\/wp\/v2\/media?parent=4277"}],"curies":[{"name":"wp","href":"https:\/\/api.w.org\/{rel}","templated":true}]}}