{"id":7635,"date":"2023-05-25T22:03:39","date_gmt":"2024-05-16T11:40:16","guid":{"rendered":"https:\/\/esc-info.eu\/?page_id=7635"},"modified":"2026-03-30T17:18:17","modified_gmt":"2026-03-30T16:18:17","slug":"esc-conference-2024","status":"publish","type":"page","link":"https:\/\/esc-info.eu\/de\/esc-conference-2024\/","title":{"rendered":"Konferenz"},"content":{"rendered":"<ul>\n<li>\n<\/li>\n<li>\n<\/li>\n<li>\n<p>        <img decoding=\"async\" src=\"\/wp-content\/uploads\/2024\/05\/j.jpg\" alt=\"\"><\/p>\n<div>Einladung zur ESC 2024 Konferenz<\/div>\n<p>16 May 2024<\/p>\n<div>\n<p>Sie sind herzlich zu unserer Konferenz in Deutschland vom 28. bis 30. Juni 2024 eingeladen. Der ESC setzt die Tradition der EHS-Treffen in Europa fort. Sie werden die wei\u00dfe Zone im Herzen Deutschlands genie\u00dfen. Die Veranstaltung richtet sich an alle ESC-Mitglieder, Mitgliedsorganisationen und alle, die sich f\u00fcr die ESC und EHS interessieren. Wir freuen uns darauf, Sie dort zu sehen!<\/p>\n<\/div>\n<p><a href=\"https:\/\/esc-info.eu\/wp-content\/uploads\/2024\/05\/Einladung-EHS-Konferenz-28.-30.6.24-mit-Programm-16-05-2024-de.pdf\"><\/a><\/p>\n<\/li>\n<\/ul>\n<p><!--more--><br \/>\n<!-- {\"type\":\"layout\",\"children\":[{\"type\":\"section\",\"props\":{\"image_position\":\"center-center\",\"style\":\"default\",\"title_breakpoint\":\"xl\",\"title_position\":\"top-left\",\"title_rotation\":\"left\",\"vertical_align\":\"\",\"width\":\"default\"},\"children\":[{\"type\":\"row\",\"children\":[{\"type\":\"column\",\"props\":{\"image_position\":\"center-center\",\"position_sticky_breakpoint\":\"m\"},\"children\":[{\"type\":\"headline\",\"props\":{\"content_cs_cz\":\"\n\n<p class=\\\"yo-sidebar-heading-builder uk-flex uk-visible-toggle\\\"><span class=\\\"uk-text-truncate\\\">Konference<br \/><\/span><\/p>\n\n\",\"image_align\":\"left\",\"image_margin\":\"xsmall\",\"margin_bottom\":\"remove\",\"margin_top\":\"remove\",\"title_element\":\"h1\",\"title_style\":\"h1\"},\"source\":{\"query\":{\"name\":\"pages.customPage\",\"arguments\":{\"terms\":[507],\"category_operator\":\"IN\",\"post_tag_operator\":\"IN\",\"users\":[],\"users_operator\":\"IN\",\"offset\":0,\"order\":\"date\",\"order_direction\":\"DESC\",\"id\":7635}},\"props\":{\"content\":{\"name\":\"title\"}}},\"name\":\"ESC 2024 Conference\"},{\"name\":\"ESC 2024 Conference Posts\",\"type\":\"grid\",\"children\":[{\"type\":\"grid_item\",\"source\":{\"query\":{\"name\":\"posts.customPost\",\"arguments\":{\"id\":7302}},\"props\":{\"meta\":{\"filters\":{\"search\":\"\",\"date\":\"\"},\"name\":\"date\"},\"title\":{\"filters\":{\"search\":\"\"},\"name\":\"title\"},\"image\":{\"filters\":{\"search\":\"\"},\"name\":\"featuredImage.url\"},\"link\":{\"filters\":{\"search\":\"\"},\"name\":\"link\"},\"content\":{\"filters\":{\"search\":\"\",\"limit\":330},\"arguments\":{\"show_excerpt\":true},\"name\":\"teaser\"},\"_condition\":{\"filters\":{\"condition\":\"!!\"},\"name\":\"title\"},\"image_alt\":{\"filters\":{\"search\":\"\"},\"name\":\"featuredImage.alt\"}}}},{\"type\":\"grid_item\",\"source\":{\"query\":{\"name\":\"posts.customPost\",\"arguments\":{\"id\":8300}},\"props\":{\"meta\":{\"filters\":{\"search\":\"\",\"date\":\"\"},\"name\":\"date\"},\"title\":{\"filters\":{\"search\":\"\"},\"name\":\"title\"},\"image\":{\"filters\":{\"search\":\"\"},\"name\":\"featuredImage.url\"},\"link\":{\"filters\":{\"search\":\"\"},\"name\":\"link\"},\"content\":{\"filters\":{\"search\":\"\",\"limit\":330},\"arguments\":{\"show_excerpt\":true},\"name\":\"teaser\"},\"_condition\":{\"filters\":{\"condition\":\"!!\"},\"name\":\"title\"},\"image_alt\":{\"filters\":{\"search\":\"\"},\"name\":\"featuredImage.alt\"}}}},{\"type\":\"grid_item\",\"props\":{\"content\":\"\n\n<p>Sie sind herzlich zu unserer Konferenz in Deutschland vom 28. bis 30. Juni 2024 eingeladen. Der ESC setzt die Tradition der EHS-Treffen in Europa fort. Sie werden die wei\u00dfe Zone im Herzen Deutschlands genie\u00dfen. Die Veranstaltung richtet sich an alle ESC-Mitglieder, Mitgliedsorganisationen und alle, die sich f\u00fcr die ESC und EHS interessieren. Wir freuen uns darauf, Sie dort zu sehen!<\/p>\n\n\",\"image\":\"wp-content\/uploads\/2024\/05\/j.jpg\",\"link\":\"https:\/\/esc-info.eu\/wp-content\/uploads\/2024\/05\/Einladung-EHS-Konferenz-28.-30.6.24-mit-Programm-16-05-2024-de.pdf\",\"meta\":\"16 May 2024\",\"title\":\"Einladung zur ESC 2024 Konferenz\"}}],\"props\":{\"animation\":\"fade\",\"content_column_breakpoint\":\"m\",\"content_margin\":\"small\",\"filter_align\":\"left\",\"filter_all\":true,\"filter_grid_breakpoint\":\"m\",\"filter_grid_width\":\"auto\",\"filter_position\":\"top\",\"filter_style\":\"tab\",\"grid_column_align\":false,\"grid_column_gap\":\"small\",\"grid_default\":\"2\",\"grid_divider\":false,\"grid_large\":\"1\",\"grid_medium\":\"1\",\"grid_row_align\":false,\"grid_row_gap\":\"medium\",\"grid_small\":\"1\",\"grid_xlarge\":\"1\",\"image_align\":\"left\",\"image_border\":\"rounded\",\"image_grid_breakpoint\":\"\",\"image_grid_column_gap\":\"medium\",\"image_grid_row_gap\":\"medium\",\"image_grid_width\":\"auto\",\"image_height\":\"145\",\"image_link\":true,\"image_svg_color\":\"emphasis\",\"image_vertical_align\":true,\"image_width\":\"145\",\"item_animation\":true,\"lightbox_bg_close\":true,\"link_style\":\"default\",\"link_text\":\"\",\"margin_bottom\":\"default\",\"margin_top\":\"default\",\"meta_align\":\"above-title\",\"meta_color\":\"primary\",\"meta_element\":\"div\",\"meta_margin\":\"small\",\"meta_style\":\"text-meta\",\"panel_padding\":\"small\",\"panel_style\":\"card-default\",\"parallax_easing\":\"1\",\"show_content\":true,\"show_hover_image\":true,\"show_hover_video\":true,\"show_image\":true,\"show_link\":true,\"show_meta\":true,\"show_title\":true,\"show_video\":true,\"title_align\":\"top\",\"title_element\":\"div\",\"title_grid_breakpoint\":\"m\",\"title_grid_width\":\"1-2\",\"title_hover_style\":\"reset\",\"title_link\":true,\"title_margin\":\"small\",\"title_style\":\"h4\"},\"source\":{\"query\":{\"name\":\"categories.customCategory\",\"arguments\":{\"id\":507}}}}]}]}],\"name\":\"2024 List European and Country news\"}],\"version\":\"5.0.25\",\"yooessentialsVersion\":\"2.2.11\"} --><\/p>\n","protected":false},"excerpt":{"rendered":"<p>Einladung zur ESC 2024 Konferenz 16 May 2024 Sie sind herzlich zu unserer Konferenz in Deutschland vom 28. bis 30. Juni 2024 eingeladen. Der ESC setzt die Tradition der EHS-Treffen in Europa fort. Sie werden die wei\u00dfe Zone im Herzen Deutschlands genie\u00dfen. Die Veranstaltung richtet sich an alle ESC-Mitglieder, Mitgliedsorganisationen und alle, die sich f\u00fcr [&hellip;]<\/p>\n","protected":false},"author":2,"featured_media":0,"parent":0,"menu_order":1,"comment_status":"closed","ping_status":"closed","template":"","meta":{"footnotes":"","_links_to":"","_links_to_target":""},"class_list":["post-7635","page","type-page","status-publish","hentry"],"yoast_head":"<!-- This site is optimized with the Yoast SEO plugin v27.4 - https:\/\/yoast.com\/product\/yoast-seo-wordpress\/ -->\n<title>Konferenz<\/title>\n<meta name=\"robots\" content=\"index, follow, max-snippet:-1, max-image-preview:large, max-video-preview:-1\" \/>\n<meta property=\"og:locale\" content=\"de_DE\" \/>\n<meta property=\"og:type\" content=\"article\" \/>\n<meta property=\"og:title\" content=\"Konferenz\" \/>\n<meta property=\"og:url\" content=\"https:\/\/esc-info.eu\/de\/esc-conference-2024\/\" \/>\n<meta property=\"og:site_name\" content=\"Europ\u00e4ern f\u00fcr sichere Verbindungen\" \/>\n<meta property=\"article:publisher\" content=\"https:\/\/www.facebook.com\/people\/Europeans-for-Safe-Connections-ESC\/100082714988907\/\" \/>\n<meta property=\"article:modified_time\" content=\"2026-03-30T16:18:17+00:00\" \/>\n<meta name=\"twitter:card\" content=\"summary_large_image\" \/>\n<meta name=\"twitter:site\" content=\"@SignECIStop5G\" \/>\n<script type=\"application\/ld+json\" class=\"yoast-schema-graph\">{\"@context\":\"https:\\\/\\\/schema.org\",\"@graph\":[{\"@type\":\"WebPage\",\"@id\":\"https:\\\/\\\/esc-info.eu\\\/de\\\/esc-conference-2024\\\/\",\"url\":\"https:\\\/\\\/esc-info.eu\\\/de\\\/esc-conference-2024\\\/\",\"name\":\"ESC Conference 2024 - Europ\u00e4ern f\u00fcr sichere Verbindungen\",\"isPartOf\":{\"@id\":\"https:\\\/\\\/esc-info.eu\\\/#website\"},\"datePublished\":\"2024-05-16T11:40:16+00:00\",\"dateModified\":\"2026-03-30T16:18:17+00:00\",\"breadcrumb\":{\"@id\":\"https:\\\/\\\/esc-info.eu\\\/de\\\/esc-conference-2024\\\/#breadcrumb\"},\"inLanguage\":\"de\",\"potentialAction\":[{\"@type\":\"ReadAction\",\"target\":[\"https:\\\/\\\/esc-info.eu\\\/de\\\/esc-conference-2024\\\/\"]}]},{\"@type\":\"BreadcrumbList\",\"@id\":\"https:\\\/\\\/esc-info.eu\\\/de\\\/esc-conference-2024\\\/#breadcrumb\",\"itemListElement\":[{\"@type\":\"ListItem\",\"position\":1,\"name\":\"Startseite\",\"item\":\"https:\\\/\\\/esc-info.eu\\\/\"},{\"@type\":\"ListItem\",\"position\":2,\"name\":\"Konferenz\"}]},{\"@type\":\"WebSite\",\"@id\":\"https:\\\/\\\/esc-info.eu\\\/de\\\/#website\",\"url\":\"https:\\\/\\\/esc-info.eu\\\/de\\\/\",\"name\":\"Europeans for Safe Connections\",\"description\":\"Europ\u00e4ern f\u00fcr sichere Verbindungen\",\"publisher\":{\"@id\":\"https:\\\/\\\/esc-info.eu\\\/de\\\/#organization\"},\"potentialAction\":[{\"@type\":\"SearchAction\",\"target\":{\"@type\":\"EntryPoint\",\"urlTemplate\":\"https:\\\/\\\/esc-info.eu\\\/de\\\/?s={search_term_string}\"},\"query-input\":{\"@type\":\"PropertyValueSpecification\",\"valueRequired\":true,\"valueName\":\"search_term_string\"}}],\"inLanguage\":\"de\"},{\"@type\":\"Organization\",\"@id\":\"https:\\\/\\\/esc-info.eu\\\/de\\\/#organization\",\"name\":\"Europeans for Safe Connections\",\"url\":\"https:\\\/\\\/esc-info.eu\\\/de\\\/\",\"logo\":{\"@type\":\"ImageObject\",\"inLanguage\":\"de\",\"@id\":\"https:\\\/\\\/esc-info.eu\\\/de\\\/#\\\/schema\\\/logo\\\/image\\\/\",\"url\":\"https:\\\/\\\/esc-info.eu\\\/wp-content\\\/uploads\\\/2025\\\/12\\\/ESC-logo.png\",\"contentUrl\":\"https:\\\/\\\/esc-info.eu\\\/wp-content\\\/uploads\\\/2025\\\/12\\\/ESC-logo.png\",\"width\":500,\"height\":215,\"caption\":\"Europeans for Safe Connections\"},\"image\":{\"@id\":\"https:\\\/\\\/esc-info.eu\\\/de\\\/#\\\/schema\\\/logo\\\/image\\\/\"},\"sameAs\":[\"https:\\\/\\\/www.facebook.com\\\/people\\\/Europeans-for-Safe-Connections-ESC\\\/100082714988907\\\/\",\"https:\\\/\\\/x.com\\\/SignECIStop5G\",\"https:\\\/\\\/t.me\\\/Stop5G_Stay_Connected_but_Protec\",\"https:\\\/\\\/www.youtube.com\\\/channel\\\/UCj1sDgD1bXyhV5CZU7EzymQ\\\/playlists\",\"https:\\\/\\\/www.instagram.com\\\/Stay_Connected_But_Protected\\\/\"]}]}<\/script>\n<!-- \/ Yoast SEO plugin. -->","yoast_head_json":{"title":"Konferenz","robots":{"index":"index","follow":"follow","max-snippet":"max-snippet:-1","max-image-preview":"max-image-preview:large","max-video-preview":"max-video-preview:-1"},"og_locale":"de_DE","og_type":"article","og_title":"Konferenz","og_url":"https:\/\/esc-info.eu\/de\/esc-conference-2024\/","og_site_name":"Europ\u00e4ern f\u00fcr sichere Verbindungen","article_publisher":"https:\/\/www.facebook.com\/people\/Europeans-for-Safe-Connections-ESC\/100082714988907\/","article_modified_time":"2026-03-30T16:18:17+00:00","twitter_card":"summary_large_image","twitter_site":"@SignECIStop5G","schema":{"@context":"https:\/\/schema.org","@graph":[{"@type":"WebPage","@id":"https:\/\/esc-info.eu\/de\/esc-conference-2024\/","url":"https:\/\/esc-info.eu\/de\/esc-conference-2024\/","name":"ESC Conference 2024 - Europ\u00e4ern f\u00fcr sichere Verbindungen","isPartOf":{"@id":"https:\/\/esc-info.eu\/#website"},"datePublished":"2024-05-16T11:40:16+00:00","dateModified":"2026-03-30T16:18:17+00:00","breadcrumb":{"@id":"https:\/\/esc-info.eu\/de\/esc-conference-2024\/#breadcrumb"},"inLanguage":"de","potentialAction":[{"@type":"ReadAction","target":["https:\/\/esc-info.eu\/de\/esc-conference-2024\/"]}]},{"@type":"BreadcrumbList","@id":"https:\/\/esc-info.eu\/de\/esc-conference-2024\/#breadcrumb","itemListElement":[{"@type":"ListItem","position":1,"name":"Startseite","item":"https:\/\/esc-info.eu\/"},{"@type":"ListItem","position":2,"name":"Konferenz"}]},{"@type":"WebSite","@id":"https:\/\/esc-info.eu\/de\/#website","url":"https:\/\/esc-info.eu\/de\/","name":"Europeans for Safe Connections","description":"Europ\u00e4ern f\u00fcr sichere Verbindungen","publisher":{"@id":"https:\/\/esc-info.eu\/de\/#organization"},"potentialAction":[{"@type":"SearchAction","target":{"@type":"EntryPoint","urlTemplate":"https:\/\/esc-info.eu\/de\/?s={search_term_string}"},"query-input":{"@type":"PropertyValueSpecification","valueRequired":true,"valueName":"search_term_string"}}],"inLanguage":"de"},{"@type":"Organization","@id":"https:\/\/esc-info.eu\/de\/#organization","name":"Europeans for Safe Connections","url":"https:\/\/esc-info.eu\/de\/","logo":{"@type":"ImageObject","inLanguage":"de","@id":"https:\/\/esc-info.eu\/de\/#\/schema\/logo\/image\/","url":"https:\/\/esc-info.eu\/wp-content\/uploads\/2025\/12\/ESC-logo.png","contentUrl":"https:\/\/esc-info.eu\/wp-content\/uploads\/2025\/12\/ESC-logo.png","width":500,"height":215,"caption":"Europeans for Safe Connections"},"image":{"@id":"https:\/\/esc-info.eu\/de\/#\/schema\/logo\/image\/"},"sameAs":["https:\/\/www.facebook.com\/people\/Europeans-for-Safe-Connections-ESC\/100082714988907\/","https:\/\/x.com\/SignECIStop5G","https:\/\/t.me\/Stop5G_Stay_Connected_but_Protec","https:\/\/www.youtube.com\/channel\/UCj1sDgD1bXyhV5CZU7EzymQ\/playlists","https:\/\/www.instagram.com\/Stay_Connected_But_Protected\/"]}]}},"_links":{"self":[{"href":"https:\/\/esc-info.eu\/de\/wp-json\/wp\/v2\/pages\/7635","targetHints":{"allow":["GET"]}}],"collection":[{"href":"https:\/\/esc-info.eu\/de\/wp-json\/wp\/v2\/pages"}],"about":[{"href":"https:\/\/esc-info.eu\/de\/wp-json\/wp\/v2\/types\/page"}],"author":[{"embeddable":true,"href":"https:\/\/esc-info.eu\/de\/wp-json\/wp\/v2\/users\/2"}],"replies":[{"embeddable":true,"href":"https:\/\/esc-info.eu\/de\/wp-json\/wp\/v2\/comments?post=7635"}],"version-history":[{"count":10,"href":"https:\/\/esc-info.eu\/de\/wp-json\/wp\/v2\/pages\/7635\/revisions"}],"predecessor-version":[{"id":12886,"href":"https:\/\/esc-info.eu\/de\/wp-json\/wp\/v2\/pages\/7635\/revisions\/12886"}],"wp:attachment":[{"href":"https:\/\/esc-info.eu\/de\/wp-json\/wp\/v2\/media?parent=7635"}],"curies":[{"name":"wp","href":"https:\/\/api.w.org\/{rel}","templated":true}]}}