{"id":4277,"date":"2023-09-19T20:37:07","date_gmt":"2023-09-19T18:37:07","guid":{"rendered":"https:\/\/esc-info.eu\/?page_id=4277"},"modified":"2026-03-24T22:27:05","modified_gmt":"2026-03-24T21:27:05","slug":"general-assembly","status":"publish","type":"page","link":"https:\/\/esc-info.eu\/es\/about-us\/general-assembly\/","title":{"rendered":"Asamblea General"},"content":{"rendered":"\r\n<p class=\"has-text-align-left\"><strong>La Asamblea General Anual de ESC se celebrar\u00e1 el 8 de mayo, de 19:00 a 21:00.<\/strong><\/p>\r\n\r\n\r\n\r\n<p>La reuni\u00f3n se celebrar\u00e1 en l\u00ednea. Los miembros del CES recibir\u00e1n una invitaci\u00f3n y la documentaci\u00f3n a principios de abril.<\/p>\r\n\r\n\r\n\r\n<p>Si su organizaci\u00f3n a\u00fan no es miembro y desea participar en la Asamblea General para seguir el apasionante trabajo de ESC, le invitamos a registrarse aqu\u00ed: <a href=\"https:\/\/esc-info.eu\/wp-content\/uploads\/2025\/06\/Membership-Application-2025.docx\">Hacerse miembro &#8211; formulario<\/a>. <br>Nota: Los nuevos miembros deben haber pagado su cuota de afiliaci\u00f3n durante tres meses antes de poder ejercer su derecho a voto.<\/p>\r\n\r\n\r\n\r\n<h2 class=\"wp-block-heading\">Informes de la Asamblea General 2025<\/h2>\r\n\r\n\r\n\r\n<p><a href=\"https:\/\/esc-info.eu\/wp-content\/uploads\/assembly\/ESC_Strategy_and_workplan_2025-2026.pdf\" target=\"_blank\" rel=\"noreferrer noopener nofollow\">Estrategia y plan de trabajo del CES para 2025-2026 (PDF)<\/a><\/p>\r\n\r\n\r\n\r\n<p><a href=\"https:\/\/esc-info.eu\/wp-content\/uploads\/assembly\/Agenda_for_ESC_General%20Assembly_May_8_2025.pdf\" target=\"_blank\" rel=\"noreferrer noopener nofollow\">Agenda del ESC para la Asamblea General de 2025 (PDF)<\/a><\/p>\r\n\r\n\r\n\r\n<p><a href=\"https:\/\/esc-info.eu\/wp-content\/uploads\/assembly\/ESC_Annual_Report_2024_Final.pdf\" target=\"_blank\" rel=\"noreferrer noopener nofollow\">Informe anual del CES 2024 (PDF)<\/a><\/p>\r\n\r\n\r\n\r\n<p><a href=\"https:\/\/esc-info.eu\/wp-content\/uploads\/assembly\/Report-ESC-General-Assembly-2025.pdf\" target=\"_blank\" rel=\"noreferrer noopener\">Informe de la Asamblea General 2025 (PDF)<\/a><\/p>\r\n\r\n\r\n\r\n<h2 class=\"wp-block-heading\">Informes de la Asamblea General 2024<\/h2>\r\n\r\n\r\n\r\n<p><a href=\"https:\/\/esc-info.eu\/wp-content\/uploads\/assembly\/Report_ESC_General_Assembly_April_2024.pdf\">Informe de la Asamblea General del ESC 2024 (PDF)<\/a><\/p>\r\n\r\n\r\n\r\n<p><a href=\"https:\/\/esc-info.eu\/wp-content\/uploads\/assembly\/ESC_Strategy_of_2024.pdf\">Estrategia del ESC para 2024 (PDF)<\/a><\/p>\r\n\r\n\r\n\r\n<p><a href=\"https:\/\/esc-info.eu\/wp-content\/uploads\/assembly\/ESC_General_Assembly_2024.pdf\" target=\"_blank\" rel=\"noreferrer noopener\"><\/a><a href=\"https:\/\/esc-info.eu\/wp-content\/uploads\/assembly\/ESC_General_Assembly_2024.pdf\" target=\"_blank\" rel=\"noreferrer noopener\">Agenda del ESC para la Asamblea General de 2024 (PDF)<\/a><\/p>\r\n\r\n\r\n\r\n<p><a href=\"https:\/\/esc-info.eu\/wp-content\/uploads\/assembly\/ESC_Annual_Report_2023.pdf\"><\/a><a href=\"https:\/\/esc-info.eu\/wp-content\/uploads\/assembly\/ESC_Annual_Report_2023.pdf\" target=\"_blank\" rel=\"noreferrer noopener\">Informe anual y financiero del CES para 2023 (incluidos los presupuestos para 2024 y 2025) (PDF)<\/a><\/p>\r\n\r\n\r\n\r\n<h2 class=\"wp-block-heading\">Informes de la Asamblea General 2023<\/h2>\r\n\r\n\r\n\r\n<p><a href=\"https:\/\/esc-info.eu\/wp-content\/uploads\/assembly\/reportGAoct26.pdf\" target=\"_blank\" rel=\"noreferrer noopener\">Asamblea General del ESC, 26 de octubre de 2023 (PDF)<\/a><\/p>\r\n\r\n\r\n\r\n<p><a href=\"https:\/\/esc-info.eu\/wp-content\/uploads\/assembly\/Signed_Report_from_founding_meeting May 2023.pdf\" target=\"_blank\" rel=\"noreferrer noopener\">Reuni\u00f3n fundacional de la Asamblea General del CES, 4 y 11 de mayo de 2023 (PDF)<\/a><\/p>\r\n\r\n\r\n\r\n<p><\/p>\r\n","protected":false},"excerpt":{"rendered":"<p>La Asamblea General Anual de ESC se celebrar\u00e1 el 8 de mayo, de 19:00 a 21:00. La reuni\u00f3n se celebrar\u00e1 en l\u00ednea. Los miembros del CES recibir\u00e1n una invitaci\u00f3n y la documentaci\u00f3n a principios de abril. Si su organizaci\u00f3n a\u00fan no es miembro y desea participar en la Asamblea General para seguir el apasionante trabajo [&hellip;]<\/p>\n","protected":false},"author":2,"featured_media":6775,"parent":1155,"menu_order":0,"comment_status":"closed","ping_status":"closed","template":"","meta":{"footnotes":"","_links_to":"","_links_to_target":""},"class_list":["post-4277","page","type-page","status-publish","has-post-thumbnail","hentry"],"yoast_head":"<!-- This site is optimized with the Yoast SEO plugin v27.6 - https:\/\/yoast.com\/product\/yoast-seo-wordpress\/ -->\n<title>Asamblea General<\/title>\n<meta name=\"description\" content=\"La Asamblea General Anual de ESC se celebrar\u00e1 el 8 de mayo, de 19:00 a 21:00. La reuni\u00f3n se celebrar\u00e1 en l\u00ednea. Los miembros del CES recibir\u00e1n una invitaci\u00f3n y la documentaci\u00f3n a principios de abril. Si su organizaci\u00f3n a\u00fan no es miembro y desea participar en la Asamblea General para seguir el apasionante trabajo&hellip;\" \/>\n<meta name=\"robots\" content=\"index, follow, max-snippet:-1, max-image-preview:large, max-video-preview:-1\" \/>\n<link rel=\"canonical\" href=\"\" \/>\n<meta property=\"og:locale\" content=\"es_ES\" \/>\n<meta property=\"og:type\" content=\"article\" \/>\n<meta property=\"og:title\" content=\"Asamblea General\" \/>\n<meta property=\"og:description\" content=\"La Asamblea General Anual de ESC se celebrar\u00e1 el 8 de mayo, de 19:00 a 21:00. La reuni\u00f3n se celebrar\u00e1 en l\u00ednea. Los miembros del CES recibir\u00e1n una invitaci\u00f3n y la documentaci\u00f3n a principios de abril. Si su organizaci\u00f3n a\u00fan no es miembro y desea participar en la Asamblea General para seguir el apasionante trabajo&hellip;\" \/>\n<meta property=\"og:url\" content=\"https:\/\/esc-info.eu\/es\/about-us\/general-assembly\/\" \/>\n<meta property=\"og:site_name\" content=\"Europeos por unas Conexiones Seguras\" \/>\n<meta property=\"article:publisher\" content=\"https:\/\/www.facebook.com\/people\/Europeans-for-Safe-Connections-ESC\/100082714988907\/\" \/>\n<meta property=\"article:modified_time\" content=\"2026-03-24T21:27:05+00:00\" \/>\n<meta property=\"og:image\" content=\"https:\/\/esc-info.eu\/wp-content\/uploads\/2024\/03\/general-assembly-2024.jpg\" \/>\n\t<meta property=\"og:image:width\" content=\"1204\" \/>\n\t<meta property=\"og:image:height\" content=\"435\" \/>\n\t<meta property=\"og:image:type\" content=\"image\/jpeg\" \/>\n<meta name=\"twitter:card\" content=\"summary_large_image\" \/>\n<meta name=\"twitter:site\" content=\"@SignECIStop5G\" \/>\n<meta name=\"twitter:label1\" content=\"Tiempo de lectura\" \/>\n\t<meta name=\"twitter:data1\" content=\"1 minuto\" \/>\n<script type=\"application\/ld+json\" class=\"yoast-schema-graph\">{\"@context\":\"https:\\\/\\\/schema.org\",\"@graph\":[{\"@type\":\"WebPage\",\"@id\":\"https:\\\/\\\/esc-info.eu\\\/es\\\/about-us\\\/general-assembly\\\/\",\"url\":\"https:\\\/\\\/esc-info.eu\\\/es\\\/about-us\\\/general-assembly\\\/\",\"name\":\"General Assembly - Europeos por unas Conexiones Seguras\",\"isPartOf\":{\"@id\":\"https:\\\/\\\/esc-info.eu\\\/#website\"},\"primaryImageOfPage\":{\"@id\":\"https:\\\/\\\/esc-info.eu\\\/es\\\/about-us\\\/general-assembly\\\/#primaryimage\"},\"image\":{\"@id\":\"https:\\\/\\\/esc-info.eu\\\/es\\\/about-us\\\/general-assembly\\\/#primaryimage\"},\"thumbnailUrl\":\"https:\\\/\\\/esc-info.eu\\\/wp-content\\\/uploads\\\/2024\\\/03\\\/general-assembly-2024.jpg\",\"datePublished\":\"2023-09-19T18:37:07+00:00\",\"dateModified\":\"2026-03-24T21:27:05+00:00\",\"breadcrumb\":{\"@id\":\"https:\\\/\\\/esc-info.eu\\\/es\\\/about-us\\\/general-assembly\\\/#breadcrumb\"},\"inLanguage\":\"es\",\"potentialAction\":[{\"@type\":\"ReadAction\",\"target\":[\"https:\\\/\\\/esc-info.eu\\\/es\\\/about-us\\\/general-assembly\\\/\"]}]},{\"@type\":\"ImageObject\",\"inLanguage\":\"es\",\"@id\":\"https:\\\/\\\/esc-info.eu\\\/es\\\/about-us\\\/general-assembly\\\/#primaryimage\",\"url\":\"https:\\\/\\\/esc-info.eu\\\/wp-content\\\/uploads\\\/2024\\\/03\\\/general-assembly-2024.jpg\",\"contentUrl\":\"https:\\\/\\\/esc-info.eu\\\/wp-content\\\/uploads\\\/2024\\\/03\\\/general-assembly-2024.jpg\",\"width\":1204,\"height\":435,\"caption\":\"General Assembly\"},{\"@type\":\"BreadcrumbList\",\"@id\":\"https:\\\/\\\/esc-info.eu\\\/es\\\/about-us\\\/general-assembly\\\/#breadcrumb\",\"itemListElement\":[{\"@type\":\"ListItem\",\"position\":1,\"name\":\"Inicio\",\"item\":\"https:\\\/\\\/esc-info.eu\\\/\"},{\"@type\":\"ListItem\",\"position\":2,\"name\":\"Acerca de nosotros\",\"item\":\"https:\\\/\\\/esc-info.eu\\\/about-us\\\/\"},{\"@type\":\"ListItem\",\"position\":3,\"name\":\"Asamblea General\"}]},{\"@type\":\"WebSite\",\"@id\":\"https:\\\/\\\/esc-info.eu\\\/#website\",\"url\":\"https:\\\/\\\/esc-info.eu\\\/\",\"name\":\"Europeans for Safe Connections\",\"description\":\"Europeos por unas Conexiones Seguras\",\"publisher\":{\"@id\":\"https:\\\/\\\/esc-info.eu\\\/#organization\"},\"potentialAction\":[{\"@type\":\"SearchAction\",\"target\":{\"@type\":\"EntryPoint\",\"urlTemplate\":\"https:\\\/\\\/esc-info.eu\\\/?s={search_term_string}\"},\"query-input\":{\"@type\":\"PropertyValueSpecification\",\"valueRequired\":true,\"valueName\":\"search_term_string\"}}],\"inLanguage\":\"es\"},{\"@type\":\"Organization\",\"@id\":\"https:\\\/\\\/esc-info.eu\\\/#organization\",\"name\":\"Europeans for Safe Connections\",\"url\":\"https:\\\/\\\/esc-info.eu\\\/\",\"logo\":{\"@type\":\"ImageObject\",\"inLanguage\":\"es\",\"@id\":\"https:\\\/\\\/esc-info.eu\\\/#\\\/schema\\\/logo\\\/image\\\/\",\"url\":\"https:\\\/\\\/esc-info.eu\\\/wp-content\\\/uploads\\\/2025\\\/12\\\/ESC-logo.png\",\"contentUrl\":\"https:\\\/\\\/esc-info.eu\\\/wp-content\\\/uploads\\\/2025\\\/12\\\/ESC-logo.png\",\"width\":500,\"height\":215,\"caption\":\"Europeans for Safe Connections\"},\"image\":{\"@id\":\"https:\\\/\\\/esc-info.eu\\\/#\\\/schema\\\/logo\\\/image\\\/\"},\"sameAs\":[\"https:\\\/\\\/www.facebook.com\\\/people\\\/Europeans-for-Safe-Connections-ESC\\\/100082714988907\\\/\",\"https:\\\/\\\/x.com\\\/SignECIStop5G\",\"https:\\\/\\\/t.me\\\/Stop5G_Stay_Connected_but_Protec\",\"https:\\\/\\\/www.youtube.com\\\/channel\\\/UCj1sDgD1bXyhV5CZU7EzymQ\\\/playlists\",\"https:\\\/\\\/www.instagram.com\\\/Stay_Connected_But_Protected\\\/\"]}]}<\/script>\n<!-- \/ Yoast SEO plugin. -->","yoast_head_json":{"title":"Asamblea General","description":"La Asamblea General Anual de ESC se celebrar\u00e1 el 8 de mayo, de 19:00 a 21:00. La reuni\u00f3n se celebrar\u00e1 en l\u00ednea. Los miembros del CES recibir\u00e1n una invitaci\u00f3n y la documentaci\u00f3n a principios de abril. Si su organizaci\u00f3n a\u00fan no es miembro y desea participar en la Asamblea General para seguir el apasionante trabajo&hellip;","robots":{"index":"index","follow":"follow","max-snippet":"max-snippet:-1","max-image-preview":"max-image-preview:large","max-video-preview":"max-video-preview:-1"},"canonical":"La Asamblea General Anual de ESC se celebrar\u00e1 el 8 de mayo, de 19:00 a 21:00. La reuni\u00f3n se celebrar\u00e1 en l\u00ednea. Los miembros del CES recibir\u00e1n una invitaci\u00f3n y la documentaci\u00f3n a principios de abril. Si su organizaci\u00f3n a\u00fan no es miembro y desea participar en la Asamblea General para seguir el apasionante trabajo&hellip;","og_locale":"es_ES","og_type":"article","og_title":"Asamblea General","og_description":"La Asamblea General Anual de ESC se celebrar\u00e1 el 8 de mayo, de 19:00 a 21:00. La reuni\u00f3n se celebrar\u00e1 en l\u00ednea. Los miembros del CES recibir\u00e1n una invitaci\u00f3n y la documentaci\u00f3n a principios de abril. Si su organizaci\u00f3n a\u00fan no es miembro y desea participar en la Asamblea General para seguir el apasionante trabajo&hellip;","og_url":"https:\/\/esc-info.eu\/es\/about-us\/general-assembly\/","og_site_name":"Europeos por unas Conexiones Seguras","article_publisher":"https:\/\/www.facebook.com\/people\/Europeans-for-Safe-Connections-ESC\/100082714988907\/","article_modified_time":"2026-03-24T21:27:05+00:00","og_image":[{"width":1204,"height":435,"url":"https:\/\/esc-info.eu\/wp-content\/uploads\/2024\/03\/general-assembly-2024.jpg","type":"image\/jpeg"}],"twitter_card":"summary_large_image","twitter_site":"@SignECIStop5G","twitter_misc":{"Tiempo de lectura":"1 minuto"},"schema":{"@context":"https:\/\/schema.org","@graph":[{"@type":"WebPage","@id":"https:\/\/esc-info.eu\/es\/about-us\/general-assembly\/","url":"https:\/\/esc-info.eu\/es\/about-us\/general-assembly\/","name":"General Assembly - Europeos por unas Conexiones Seguras","isPartOf":{"@id":"https:\/\/esc-info.eu\/#website"},"primaryImageOfPage":{"@id":"https:\/\/esc-info.eu\/es\/about-us\/general-assembly\/#primaryimage"},"image":{"@id":"https:\/\/esc-info.eu\/es\/about-us\/general-assembly\/#primaryimage"},"thumbnailUrl":"https:\/\/esc-info.eu\/wp-content\/uploads\/2024\/03\/general-assembly-2024.jpg","datePublished":"2023-09-19T18:37:07+00:00","dateModified":"2026-03-24T21:27:05+00:00","breadcrumb":{"@id":"https:\/\/esc-info.eu\/es\/about-us\/general-assembly\/#breadcrumb"},"inLanguage":"es","potentialAction":[{"@type":"ReadAction","target":["https:\/\/esc-info.eu\/es\/about-us\/general-assembly\/"]}]},{"@type":"ImageObject","inLanguage":"es","@id":"https:\/\/esc-info.eu\/es\/about-us\/general-assembly\/#primaryimage","url":"https:\/\/esc-info.eu\/wp-content\/uploads\/2024\/03\/general-assembly-2024.jpg","contentUrl":"https:\/\/esc-info.eu\/wp-content\/uploads\/2024\/03\/general-assembly-2024.jpg","width":1204,"height":435,"caption":"General Assembly"},{"@type":"BreadcrumbList","@id":"https:\/\/esc-info.eu\/es\/about-us\/general-assembly\/#breadcrumb","itemListElement":[{"@type":"ListItem","position":1,"name":"Inicio","item":"https:\/\/esc-info.eu\/"},{"@type":"ListItem","position":2,"name":"Acerca de nosotros","item":"https:\/\/esc-info.eu\/about-us\/"},{"@type":"ListItem","position":3,"name":"Asamblea General"}]},{"@type":"WebSite","@id":"https:\/\/esc-info.eu\/#website","url":"https:\/\/esc-info.eu\/","name":"Europeans for Safe Connections","description":"Europeos por unas Conexiones Seguras","publisher":{"@id":"https:\/\/esc-info.eu\/#organization"},"potentialAction":[{"@type":"SearchAction","target":{"@type":"EntryPoint","urlTemplate":"https:\/\/esc-info.eu\/?s={search_term_string}"},"query-input":{"@type":"PropertyValueSpecification","valueRequired":true,"valueName":"search_term_string"}}],"inLanguage":"es"},{"@type":"Organization","@id":"https:\/\/esc-info.eu\/#organization","name":"Europeans for Safe Connections","url":"https:\/\/esc-info.eu\/","logo":{"@type":"ImageObject","inLanguage":"es","@id":"https:\/\/esc-info.eu\/#\/schema\/logo\/image\/","url":"https:\/\/esc-info.eu\/wp-content\/uploads\/2025\/12\/ESC-logo.png","contentUrl":"https:\/\/esc-info.eu\/wp-content\/uploads\/2025\/12\/ESC-logo.png","width":500,"height":215,"caption":"Europeans for Safe Connections"},"image":{"@id":"https:\/\/esc-info.eu\/#\/schema\/logo\/image\/"},"sameAs":["https:\/\/www.facebook.com\/people\/Europeans-for-Safe-Connections-ESC\/100082714988907\/","https:\/\/x.com\/SignECIStop5G","https:\/\/t.me\/Stop5G_Stay_Connected_but_Protec","https:\/\/www.youtube.com\/channel\/UCj1sDgD1bXyhV5CZU7EzymQ\/playlists","https:\/\/www.instagram.com\/Stay_Connected_But_Protected\/"]}]}},"_links":{"self":[{"href":"https:\/\/esc-info.eu\/es\/wp-json\/wp\/v2\/pages\/4277","targetHints":{"allow":["GET"]}}],"collection":[{"href":"https:\/\/esc-info.eu\/es\/wp-json\/wp\/v2\/pages"}],"about":[{"href":"https:\/\/esc-info.eu\/es\/wp-json\/wp\/v2\/types\/page"}],"author":[{"embeddable":true,"href":"https:\/\/esc-info.eu\/es\/wp-json\/wp\/v2\/users\/2"}],"replies":[{"embeddable":true,"href":"https:\/\/esc-info.eu\/es\/wp-json\/wp\/v2\/comments?post=4277"}],"version-history":[{"count":23,"href":"https:\/\/esc-info.eu\/es\/wp-json\/wp\/v2\/pages\/4277\/revisions"}],"predecessor-version":[{"id":12696,"href":"https:\/\/esc-info.eu\/es\/wp-json\/wp\/v2\/pages\/4277\/revisions\/12696"}],"up":[{"embeddable":true,"href":"https:\/\/esc-info.eu\/es\/wp-json\/wp\/v2\/pages\/1155"}],"wp:featuredmedia":[{"embeddable":true,"href":"https:\/\/esc-info.eu\/es\/wp-json\/wp\/v2\/media\/6775"}],"wp:attachment":[{"href":"https:\/\/esc-info.eu\/es\/wp-json\/wp\/v2\/media?parent=4277"}],"curies":[{"name":"wp","href":"https:\/\/api.w.org\/{rel}","templated":true}]}}