{"id":13054,"date":"2026-04-25T08:04:07","date_gmt":"2026-04-25T07:04:07","guid":{"rendered":"https:\/\/esc-info.eu\/?page_id=13054"},"modified":"2026-04-25T09:18:11","modified_gmt":"2026-04-25T08:18:11","slug":"education","status":"publish","type":"page","link":"https:\/\/esc-info.eu\/fr\/education\/","title":{"rendered":"Education"},"content":{"rendered":"<ul>\n<li>\n<\/li>\n<li>\n<\/li>\n<\/ul>\n<ul>\n<li>\n<\/li>\n<li>\n<p>        <img decoding=\"async\" src=\"\/wp-content\/uploads\/2025\/11\/science-news.jpg\" alt=\"Get information on the latest research on the impact of modern technologies on human health and mental well-being.\"><\/p>\n<\/li>\n<li>\n<p>        <img decoding=\"async\" src=\"\/wp-content\/uploads\/2025\/11\/Europeans-for-Safe-Connections-A-call-for-actions-EN.jpg\" alt=\"Europeans for Safe Connections - A call for actions\"><\/p>\n<\/li>\n<\/ul>\n<p><!--more--><br \/>\n<!-- {\"type\":\"layout\",\"children\":[{\"type\":\"section\",\"props\":{\"image_position\":\"center-center\",\"padding_bottom\":\"small\",\"padding_top\":\"small\",\"style\":\"default\",\"title_breakpoint\":\"xl\",\"title_position\":\"top-left\",\"title_rotation\":\"left\",\"vertical_align\":\"\",\"width\":\"default\"},\"children\":[{\"type\":\"row\",\"props\":{\"alignment\":\"center\"},\"children\":[{\"type\":\"column\",\"props\":{\"image_position\":\"center-center\",\"position_sticky_breakpoint\":\"m\"},\"children\":[{\"type\":\"headline\",\"props\":{\"image_align\":\"left\",\"image_margin\":\"xsmall\",\"margin_bottom\":\"remove\",\"margin_top\":\"remove\",\"title_element\":\"h1\"},\"name\":\"News - Headline\",\"source\":{\"query\":{\"name\":\"pages.customPage\",\"arguments\":{\"id\":13054}},\"props\":{\"content\":{\"arguments\":{},\"name\":\"title\"}}}},{\"type\":\"overlay-slider\",\"props\":{\"image_border\":\"rounded\",\"image_height\":\"400\",\"image_width\":\"400\",\"link_style\":\"\",\"link_text\":\"\",\"margin_bottom\":\"default\",\"margin_top\":\"default\",\"meta_align\":\"below-title\",\"meta_color\":\"success\",\"meta_element\":\"div\",\"meta_style\":\"text-meta\",\"nav\":\"dotnav\",\"nav_align\":\"center\",\"nav_below\":true,\"nav_breakpoint\":\"s\",\"nav_position\":\"bottom-center\",\"nav_position_margin\":\"medium\",\"overlay_link\":true,\"overlay_margin\":\"medium\",\"overlay_maxwidth\":\"large\",\"overlay_mode\":\"caption\",\"overlay_padding\":\"small\",\"overlay_position\":\"bottom-center\",\"overlay_style\":\"overlay-primary\",\"overlay_transition\":\"fade\",\"show_content\":false,\"show_hover_image\":true,\"show_hover_video\":true,\"show_link\":true,\"show_meta\":false,\"show_title\":true,\"slidenav\":\"\",\"slidenav_breakpoint\":\"\",\"slidenav_hover\":true,\"slidenav_large\":false,\"slidenav_margin\":\"small\",\"slidenav_outside_breakpoint\":\"xl\",\"slider_autoplay\":true,\"slider_autoplay_pause\":true,\"slider_gap\":\"medium\",\"slider_width\":\"fixed\",\"slider_width_default\":\"1-1\",\"slider_width_large\":\"1-4\",\"slider_width_medium\":\"1-3\",\"slider_width_small\":\"1-2\",\"slider_width_xlarge\":\"1-4\",\"text_align\":\"center\",\"text_color\":\"light\",\"title_element\":\"h3\",\"title_font_family\":\"primary\",\"title_hover_style\":\"reset\",\"title_style\":\"h4\"},\"children\":[{\"type\":\"overlay-slider_item\",\"props\":{\"image_alt_cs_cz\":\"Osv\u011bta o \u0161kodliv\u00fdch \u00fa\u010dinc\u00edch bezdr\u00e1tov\u00fdch technologi\u00ed\",\"image_alt_da_dk\":\"Uddannelse om de skadelige virkninger af tr\u00e5dl\u00f8se teknologier\",\"image_alt_de_de\":\"Aufkl\u00e4rung \u00fcber die sch\u00e4dlichen Auswirkungen drahtloser Technologien\",\"image_alt_es_es\":\"Educaci\u00f3n sobre los efectos nocivos de las tecnolog\u00edas inal\u00e1mbricas\",\"image_alt_fr_fr\":\"\u00c9ducation sur les effets nocifs des technologies sans fil\"},\"source\":{\"query\":{\"name\":\"posts.customPost\",\"arguments\":{\"id\":12680}},\"props\":{\"link\":{\"name\":\"link\"},\"image\":{\"arguments\":{},\"name\":\"featuredImage.url\"},\"image_alt\":{\"arguments\":{},\"name\":\"featuredImage.alt\"},\"title\":{\"arguments\":{},\"name\":\"title\"}}}},{\"type\":\"overlay-slider_item\",\"props\":{\"image_alt_cs_cz\":\"Osv\u011bta o \u0161kodliv\u00fdch \u00fa\u010dinc\u00edch bezdr\u00e1tov\u00fdch technologi\u00ed\",\"image_alt_da_dk\":\"Uddannelse om de skadelige virkninger af tr\u00e5dl\u00f8se teknologier\",\"image_alt_de_de\":\"Aufkl\u00e4rung \u00fcber die sch\u00e4dlichen Auswirkungen drahtloser Technologien\",\"image_alt_es_es\":\"Educaci\u00f3n sobre los efectos nocivos de las tecnolog\u00edas inal\u00e1mbricas\",\"image_alt_fr_fr\":\"\u00c9ducation sur les effets nocifs des technologies sans fil\"},\"source\":{\"query\":{\"name\":\"pages.customPage\",\"arguments\":{\"id\":11014}},\"props\":{\"link\":{\"name\":\"link\"},\"image\":{\"arguments\":{},\"name\":\"featuredImage.url\"},\"image_alt\":{\"arguments\":{},\"name\":\"featuredImage.alt\"},\"title\":{\"arguments\":{},\"name\":\"title\"}}}}],\"name\":\"test pro education\"},{\"type\":\"overlay-slider\",\"props\":{\"image_border\":\"rounded\",\"image_height\":\"400\",\"image_width\":\"400\",\"link_style\":\"\",\"link_text\":\"\",\"margin_bottom\":\"default\",\"margin_top\":\"default\",\"meta_align\":\"below-title\",\"meta_color\":\"success\",\"meta_element\":\"div\",\"meta_style\":\"text-meta\",\"nav\":\"dotnav\",\"nav_align\":\"center\",\"nav_below\":true,\"nav_breakpoint\":\"s\",\"nav_position\":\"bottom-center\",\"nav_position_margin\":\"medium\",\"overlay_link\":true,\"overlay_margin\":\"medium\",\"overlay_maxwidth\":\"large\",\"overlay_mode\":\"caption\",\"overlay_padding\":\"small\",\"overlay_position\":\"bottom-center\",\"overlay_style\":\"overlay-primary\",\"overlay_transition\":\"fade\",\"show_content\":false,\"show_hover_image\":true,\"show_hover_video\":true,\"show_link\":true,\"show_meta\":false,\"show_title\":true,\"slidenav\":\"\",\"slidenav_breakpoint\":\"\",\"slidenav_hover\":true,\"slidenav_large\":false,\"slidenav_margin\":\"small\",\"slidenav_outside_breakpoint\":\"xl\",\"slider_autoplay\":true,\"slider_autoplay_pause\":true,\"slider_gap\":\"medium\",\"slider_width\":\"fixed\",\"slider_width_default\":\"1-1\",\"slider_width_large\":\"1-4\",\"slider_width_medium\":\"1-3\",\"slider_width_small\":\"1-2\",\"slider_width_xlarge\":\"1-4\",\"text_align\":\"center\",\"text_color\":\"light\",\"title_element\":\"h3\",\"title_font_family\":\"primary\",\"title_hover_style\":\"reset\",\"title_style\":\"h4\"},\"children\":[{\"type\":\"overlay-slider_item\",\"props\":{\"image_alt_cs_cz\":\"Osv\u011bta o \u0161kodliv\u00fdch \u00fa\u010dinc\u00edch bezdr\u00e1tov\u00fdch technologi\u00ed\",\"image_alt_da_dk\":\"Uddannelse om de skadelige virkninger af tr\u00e5dl\u00f8se teknologier\",\"image_alt_de_de\":\"Aufkl\u00e4rung \u00fcber die sch\u00e4dlichen Auswirkungen drahtloser Technologien\",\"image_alt_es_es\":\"Educaci\u00f3n sobre los efectos nocivos de las tecnolog\u00edas inal\u00e1mbricas\",\"image_alt_fr_fr\":\"\u00c9ducation sur les effets nocifs des technologies sans fil\"},\"source\":{\"query\":{\"name\":\"posts.customPost\",\"arguments\":{\"id\":2033}},\"props\":{\"link\":{\"name\":\"link\"},\"image\":{\"arguments\":{},\"name\":\"featuredImage.url\"},\"image_alt\":{\"arguments\":{},\"name\":\"featuredImage.alt\"},\"title\":{\"arguments\":{},\"name\":\"title\"}}}},{\"type\":\"overlay-slider_item\",\"props\":{\"image\":\"wp-content\/uploads\/2025\/11\/science-news.jpg\",\"image_alt\":\"Get information on the latest research on the impact of modern technologies on human health and mental well-being.\",\"image_alt_cs_cz\":\"Osv\u011bta o \u0161kodliv\u00fdch \u00fa\u010dinc\u00edch bezdr\u00e1tov\u00fdch technologi\u00ed\",\"image_alt_da_dk\":\"Uddannelse om de skadelige virkninger af tr\u00e5dl\u00f8se teknologier\",\"image_alt_de_de\":\"Aufkl\u00e4rung \u00fcber die sch\u00e4dlichen Auswirkungen drahtloser Technologien\",\"image_alt_es_es\":\"Educaci\u00f3n sobre los efectos nocivos de las tecnolog\u00edas inal\u00e1mbricas\",\"image_alt_fr_fr\":\"\u00c9ducation sur les effets nocifs des technologies sans fil\"},\"source\":{\"query\":{\"name\":\"pages.customPage\",\"arguments\":{\"id\":3255}},\"props\":{\"link\":{\"name\":\"link\"},\"image_alt\":{\"arguments\":{},\"name\":\"featuredImage.alt\"},\"title\":{\"arguments\":{},\"name\":\"title\"}}}},{\"type\":\"overlay-slider_item\",\"props\":{\"image\":\"wp-content\/uploads\/2025\/11\/Europeans-for-Safe-Connections-A-call-for-actions-EN.jpg\",\"image_alt\":\"Europeans for Safe Connections - A call for actions\",\"image_alt_cs_cz\":\"Osv\u011bta o \u0161kodliv\u00fdch \u00fa\u010dinc\u00edch bezdr\u00e1tov\u00fdch technologi\u00ed\",\"image_alt_da_dk\":\"Uddannelse om de skadelige virkninger af tr\u00e5dl\u00f8se teknologier\",\"image_alt_de_de\":\"Aufkl\u00e4rung \u00fcber die sch\u00e4dlichen Auswirkungen drahtloser Technologien\",\"image_alt_es_es\":\"Educaci\u00f3n sobre los efectos nocivos de las tecnolog\u00edas inal\u00e1mbricas\",\"image_alt_fr_fr\":\"\u00c9ducation sur les effets nocifs des technologies sans fil\"},\"source\":{\"query\":{\"name\":\"pages.customPage\",\"arguments\":{\"id\":2871}},\"props\":{\"link\":{\"name\":\"link\"},\"image_alt\":{\"arguments\":{},\"name\":\"featuredImage.alt\"},\"title\":{\"arguments\":{},\"name\":\"title\"}}}}],\"name\":\"test pro education\"}]}]}],\"name\":\"_Home - News Section\"}],\"version\":\"5.0.29\"} --><\/p>\n","protected":false},"excerpt":{"rendered":"","protected":false},"author":2,"featured_media":0,"parent":0,"menu_order":0,"comment_status":"closed","ping_status":"closed","template":"","meta":{"footnotes":"","_links_to":"","_links_to_target":""},"class_list":["post-13054","page","type-page","status-publish","hentry"],"yoast_head":"<!-- This site is optimized with the Yoast SEO plugin v27.6 - https:\/\/yoast.com\/product\/yoast-seo-wordpress\/ -->\n<title>Education<\/title>\n<meta name=\"robots\" content=\"index, follow, max-snippet:-1, max-image-preview:large, max-video-preview:-1\" \/>\n<meta property=\"og:locale\" content=\"fr_FR\" \/>\n<meta property=\"og:type\" content=\"article\" \/>\n<meta property=\"og:title\" content=\"Education\" \/>\n<meta property=\"og:url\" content=\"https:\/\/esc-info.eu\/fr\/education\/\" \/>\n<meta property=\"og:site_name\" content=\"Europ\u00e9ens pour des Connexions S\u00fbres\" \/>\n<meta property=\"article:publisher\" content=\"https:\/\/www.facebook.com\/people\/Europeans-for-Safe-Connections-ESC\/100082714988907\/\" \/>\n<meta property=\"article:modified_time\" content=\"2026-04-25T08:18:11+00:00\" \/>\n<meta name=\"twitter:card\" content=\"summary_large_image\" \/>\n<meta name=\"twitter:site\" content=\"@SignECIStop5G\" \/>\n<script type=\"application\/ld+json\" class=\"yoast-schema-graph\">{\"@context\":\"https:\\\/\\\/schema.org\",\"@graph\":[{\"@type\":\"WebPage\",\"@id\":\"https:\\\/\\\/esc-info.eu\\\/fr\\\/education\\\/\",\"url\":\"https:\\\/\\\/esc-info.eu\\\/fr\\\/education\\\/\",\"name\":\"Education - Europ\u00e9ens pour des Connexions S\u00fbres\",\"isPartOf\":{\"@id\":\"https:\\\/\\\/esc-info.eu\\\/#website\"},\"datePublished\":\"2026-04-25T07:04:07+00:00\",\"dateModified\":\"2026-04-25T08:18:11+00:00\",\"breadcrumb\":{\"@id\":\"https:\\\/\\\/esc-info.eu\\\/fr\\\/education\\\/#breadcrumb\"},\"inLanguage\":\"fr-FR\",\"potentialAction\":[{\"@type\":\"ReadAction\",\"target\":[\"https:\\\/\\\/esc-info.eu\\\/fr\\\/education\\\/\"]}]},{\"@type\":\"BreadcrumbList\",\"@id\":\"https:\\\/\\\/esc-info.eu\\\/fr\\\/education\\\/#breadcrumb\",\"itemListElement\":[{\"@type\":\"ListItem\",\"position\":1,\"name\":\"Accueil\",\"item\":\"https:\\\/\\\/esc-info.eu\\\/\"},{\"@type\":\"ListItem\",\"position\":2,\"name\":\"Education\"}]},{\"@type\":\"WebSite\",\"@id\":\"https:\\\/\\\/esc-info.eu\\\/fr\\\/#website\",\"url\":\"https:\\\/\\\/esc-info.eu\\\/fr\\\/\",\"name\":\"Europeans for Safe Connections\",\"description\":\"Europ\u00e9ens pour des\\r\\nConnexions S\u00fbres\",\"publisher\":{\"@id\":\"https:\\\/\\\/esc-info.eu\\\/fr\\\/#organization\"},\"potentialAction\":[{\"@type\":\"SearchAction\",\"target\":{\"@type\":\"EntryPoint\",\"urlTemplate\":\"https:\\\/\\\/esc-info.eu\\\/fr\\\/?s={search_term_string}\"},\"query-input\":{\"@type\":\"PropertyValueSpecification\",\"valueRequired\":true,\"valueName\":\"search_term_string\"}}],\"inLanguage\":\"fr-FR\"},{\"@type\":\"Organization\",\"@id\":\"https:\\\/\\\/esc-info.eu\\\/fr\\\/#organization\",\"name\":\"Europeans for Safe Connections\",\"url\":\"https:\\\/\\\/esc-info.eu\\\/fr\\\/\",\"logo\":{\"@type\":\"ImageObject\",\"inLanguage\":\"fr-FR\",\"@id\":\"https:\\\/\\\/esc-info.eu\\\/fr\\\/#\\\/schema\\\/logo\\\/image\\\/\",\"url\":\"https:\\\/\\\/esc-info.eu\\\/wp-content\\\/uploads\\\/2025\\\/12\\\/ESC-logo.png\",\"contentUrl\":\"https:\\\/\\\/esc-info.eu\\\/wp-content\\\/uploads\\\/2025\\\/12\\\/ESC-logo.png\",\"width\":500,\"height\":215,\"caption\":\"Europeans for Safe Connections\"},\"image\":{\"@id\":\"https:\\\/\\\/esc-info.eu\\\/fr\\\/#\\\/schema\\\/logo\\\/image\\\/\"},\"sameAs\":[\"https:\\\/\\\/www.facebook.com\\\/people\\\/Europeans-for-Safe-Connections-ESC\\\/100082714988907\\\/\",\"https:\\\/\\\/x.com\\\/SignECIStop5G\",\"https:\\\/\\\/t.me\\\/Stop5G_Stay_Connected_but_Protec\",\"https:\\\/\\\/www.youtube.com\\\/channel\\\/UCj1sDgD1bXyhV5CZU7EzymQ\\\/playlists\",\"https:\\\/\\\/www.instagram.com\\\/Stay_Connected_But_Protected\\\/\"]}]}<\/script>\n<!-- \/ Yoast SEO plugin. -->","yoast_head_json":{"title":"Education","robots":{"index":"index","follow":"follow","max-snippet":"max-snippet:-1","max-image-preview":"max-image-preview:large","max-video-preview":"max-video-preview:-1"},"og_locale":"fr_FR","og_type":"article","og_title":"Education","og_url":"https:\/\/esc-info.eu\/fr\/education\/","og_site_name":"Europ\u00e9ens pour des Connexions S\u00fbres","article_publisher":"https:\/\/www.facebook.com\/people\/Europeans-for-Safe-Connections-ESC\/100082714988907\/","article_modified_time":"2026-04-25T08:18:11+00:00","twitter_card":"summary_large_image","twitter_site":"@SignECIStop5G","schema":{"@context":"https:\/\/schema.org","@graph":[{"@type":"WebPage","@id":"https:\/\/esc-info.eu\/fr\/education\/","url":"https:\/\/esc-info.eu\/fr\/education\/","name":"Education - Europ\u00e9ens pour des Connexions S\u00fbres","isPartOf":{"@id":"https:\/\/esc-info.eu\/#website"},"datePublished":"2026-04-25T07:04:07+00:00","dateModified":"2026-04-25T08:18:11+00:00","breadcrumb":{"@id":"https:\/\/esc-info.eu\/fr\/education\/#breadcrumb"},"inLanguage":"fr-FR","potentialAction":[{"@type":"ReadAction","target":["https:\/\/esc-info.eu\/fr\/education\/"]}]},{"@type":"BreadcrumbList","@id":"https:\/\/esc-info.eu\/fr\/education\/#breadcrumb","itemListElement":[{"@type":"ListItem","position":1,"name":"Accueil","item":"https:\/\/esc-info.eu\/"},{"@type":"ListItem","position":2,"name":"Education"}]},{"@type":"WebSite","@id":"https:\/\/esc-info.eu\/fr\/#website","url":"https:\/\/esc-info.eu\/fr\/","name":"Europeans for Safe Connections","description":"Europ\u00e9ens pour des\r\nConnexions S\u00fbres","publisher":{"@id":"https:\/\/esc-info.eu\/fr\/#organization"},"potentialAction":[{"@type":"SearchAction","target":{"@type":"EntryPoint","urlTemplate":"https:\/\/esc-info.eu\/fr\/?s={search_term_string}"},"query-input":{"@type":"PropertyValueSpecification","valueRequired":true,"valueName":"search_term_string"}}],"inLanguage":"fr-FR"},{"@type":"Organization","@id":"https:\/\/esc-info.eu\/fr\/#organization","name":"Europeans for Safe Connections","url":"https:\/\/esc-info.eu\/fr\/","logo":{"@type":"ImageObject","inLanguage":"fr-FR","@id":"https:\/\/esc-info.eu\/fr\/#\/schema\/logo\/image\/","url":"https:\/\/esc-info.eu\/wp-content\/uploads\/2025\/12\/ESC-logo.png","contentUrl":"https:\/\/esc-info.eu\/wp-content\/uploads\/2025\/12\/ESC-logo.png","width":500,"height":215,"caption":"Europeans for Safe Connections"},"image":{"@id":"https:\/\/esc-info.eu\/fr\/#\/schema\/logo\/image\/"},"sameAs":["https:\/\/www.facebook.com\/people\/Europeans-for-Safe-Connections-ESC\/100082714988907\/","https:\/\/x.com\/SignECIStop5G","https:\/\/t.me\/Stop5G_Stay_Connected_but_Protec","https:\/\/www.youtube.com\/channel\/UCj1sDgD1bXyhV5CZU7EzymQ\/playlists","https:\/\/www.instagram.com\/Stay_Connected_But_Protected\/"]}]}},"_links":{"self":[{"href":"https:\/\/esc-info.eu\/fr\/wp-json\/wp\/v2\/pages\/13054","targetHints":{"allow":["GET"]}}],"collection":[{"href":"https:\/\/esc-info.eu\/fr\/wp-json\/wp\/v2\/pages"}],"about":[{"href":"https:\/\/esc-info.eu\/fr\/wp-json\/wp\/v2\/types\/page"}],"author":[{"embeddable":true,"href":"https:\/\/esc-info.eu\/fr\/wp-json\/wp\/v2\/users\/2"}],"replies":[{"embeddable":true,"href":"https:\/\/esc-info.eu\/fr\/wp-json\/wp\/v2\/comments?post=13054"}],"version-history":[{"count":6,"href":"https:\/\/esc-info.eu\/fr\/wp-json\/wp\/v2\/pages\/13054\/revisions"}],"predecessor-version":[{"id":13065,"href":"https:\/\/esc-info.eu\/fr\/wp-json\/wp\/v2\/pages\/13054\/revisions\/13065"}],"wp:attachment":[{"href":"https:\/\/esc-info.eu\/fr\/wp-json\/wp\/v2\/media?parent=13054"}],"curies":[{"name":"wp","href":"https:\/\/api.w.org\/{rel}","templated":true}]}}