{"id":4277,"date":"2023-09-19T20:37:07","date_gmt":"2023-09-19T18:37:07","guid":{"rendered":"https:\/\/esc-info.eu\/?page_id=4277"},"modified":"2026-03-24T22:27:05","modified_gmt":"2026-03-24T21:27:05","slug":"general-assembly","status":"publish","type":"page","link":"https:\/\/esc-info.eu\/fr\/about-us\/general-assembly\/","title":{"rendered":"Assembl\u00e9e g\u00e9n\u00e9rale"},"content":{"rendered":"\r\n<p class=\"has-text-align-left\"><strong>L&rsquo;assembl\u00e9e g\u00e9n\u00e9rale annuelle de l&rsquo;ESC se tiendra le 8 mai, de 19 h \u00e0 21 h.<\/strong><\/p>\r\n\r\n\r\n\r\n<p>La r\u00e9union se tiendra en ligne. Les membres de l&rsquo;ESC recevront une invitation et la documentation n\u00e9cessaire d\u00e9but avril.<\/p>\r\n\r\n\r\n\r\n<p>Si votre organisation n&rsquo;est pas encore membre et que vous souhaitez participer \u00e0 l&rsquo;Assembl\u00e9e g\u00e9n\u00e9rale pour suivre le travail passionnant de l&rsquo;ESC, nous vous invitons \u00e0 vous inscrire ici :  <a href=\"https:\/\/esc-info.eu\/wp-content\/uploads\/2025\/06\/Membership-Application-2025.docx\">Devenir membre &#8211; formulaire<\/a>. <br>Remarque : les nouveaux membres doivent \u00eatre membres payants depuis au moins trois mois avant de pouvoir exercer leur droit de vote.<\/p>\r\n\r\n\r\n\r\n<h2 class=\"wp-block-heading\">Rapports de l&rsquo;Assembl\u00e9e g\u00e9n\u00e9rale 2025<\/h2>\r\n\r\n\r\n\r\n<p><a href=\"https:\/\/esc-info.eu\/wp-content\/uploads\/assembly\/ESC_Strategy_and_workplan_2025-2026.pdf\" target=\"_blank\" rel=\"noreferrer noopener nofollow\">Strat\u00e9gie et plan de travail de l&rsquo;ESC pour 2025-2026 (PDF)<\/a><\/p>\r\n\r\n\r\n\r\n<p><a href=\"https:\/\/esc-info.eu\/wp-content\/uploads\/assembly\/Agenda_for_ESC_General%20Assembly_May_8_2025.pdf\" target=\"_blank\" rel=\"noreferrer noopener nofollow\">Agenda de l&rsquo;ESC pour l&rsquo;Assembl\u00e9e g\u00e9n\u00e9rale 2025 (PDF)<\/a><\/p>\r\n\r\n\r\n\r\n<p><a href=\"https:\/\/esc-info.eu\/wp-content\/uploads\/assembly\/ESC_Annual_Report_2024_Final.pdf\" target=\"_blank\" rel=\"noreferrer noopener nofollow\">Rapport annuel 2024 de l&rsquo;ESC (PDF)<\/a><\/p>\r\n\r\n\r\n\r\n<p><a href=\"https:\/\/esc-info.eu\/wp-content\/uploads\/assembly\/Report-ESC-General-Assembly-2025.pdf\" target=\"_blank\" rel=\"noreferrer noopener\">Rapport de l&rsquo;Assembl\u00e9e g\u00e9n\u00e9rale 2025 (PDF)<\/a><\/p>\r\n\r\n\r\n\r\n<h2 class=\"wp-block-heading\">Rapports de l&rsquo;Assembl\u00e9e g\u00e9n\u00e9rale 2024<\/h2>\r\n\r\n\r\n\r\n<p><a href=\"https:\/\/esc-info.eu\/wp-content\/uploads\/assembly\/Report_ESC_General_Assembly_April_2024.pdf\">Rapport de l&rsquo;Assembl\u00e9e g\u00e9n\u00e9rale de l&rsquo;ESC 2024 (PDF)<\/a><\/p>\r\n\r\n\r\n\r\n<p><a href=\"https:\/\/esc-info.eu\/wp-content\/uploads\/assembly\/ESC_Strategy_of_2024.pdf\">Strat\u00e9gie ESC pour 2024 (PDF)<\/a><\/p>\r\n\r\n\r\n\r\n<p><a href=\"https:\/\/esc-info.eu\/wp-content\/uploads\/assembly\/ESC_General_Assembly_2024.pdf\" target=\"_blank\" rel=\"noreferrer noopener\"><\/a><a href=\"https:\/\/esc-info.eu\/wp-content\/uploads\/assembly\/ESC_General_Assembly_2024.pdf\" target=\"_blank\" rel=\"noreferrer noopener\">Agenda de l&rsquo;ESC pour l&rsquo;Assembl\u00e9e g\u00e9n\u00e9rale 2024 (PDF)<\/a><\/p>\r\n\r\n\r\n\r\n<p><a href=\"https:\/\/esc-info.eu\/wp-content\/uploads\/assembly\/ESC_Annual_Report_2023.pdf\"><\/a><a href=\"https:\/\/esc-info.eu\/wp-content\/uploads\/assembly\/ESC_Annual_Report_2023.pdf\" target=\"_blank\" rel=\"noreferrer noopener\">Rapport annuel et financier 2023 de l&rsquo;ESC (y compris les budgets pour 2024 et 2025) (PDF)<\/a><\/p>\r\n\r\n\r\n\r\n<h2 class=\"wp-block-heading\">Rapports de l&rsquo;Assembl\u00e9e g\u00e9n\u00e9rale 2023<\/h2>\r\n\r\n\r\n\r\n<p><a href=\"https:\/\/esc-info.eu\/wp-content\/uploads\/assembly\/reportGAoct26.pdf\" target=\"_blank\" rel=\"noreferrer noopener\">Assembl\u00e9e g\u00e9n\u00e9rale de l&rsquo;ESC 26 octobre 2023 (PDF)<\/a><\/p>\r\n\r\n\r\n\r\n<p><a href=\"https:\/\/esc-info.eu\/wp-content\/uploads\/assembly\/Signed_Report_from_founding_meeting May 2023.pdf\" target=\"_blank\" rel=\"noreferrer noopener\">R\u00e9union constitutive de l&rsquo;Assembl\u00e9e g\u00e9n\u00e9rale de l&rsquo;ESC les 4 &amp; 11 mai 2023 (PDF)<\/a><\/p>\r\n\r\n\r\n\r\n<p><\/p>\r\n","protected":false},"excerpt":{"rendered":"<p>L&rsquo;assembl\u00e9e g\u00e9n\u00e9rale annuelle de l&rsquo;ESC se tiendra le 8 mai, de 19 h \u00e0 21 h. La r\u00e9union se tiendra en ligne. Les membres de l&rsquo;ESC recevront une invitation et la documentation n\u00e9cessaire d\u00e9but avril. Si votre organisation n&rsquo;est pas encore membre et que vous souhaitez participer \u00e0 l&rsquo;Assembl\u00e9e g\u00e9n\u00e9rale pour suivre le travail passionnant [&hellip;]<\/p>\n","protected":false},"author":2,"featured_media":6775,"parent":1155,"menu_order":0,"comment_status":"closed","ping_status":"closed","template":"","meta":{"footnotes":"","_links_to":"","_links_to_target":""},"class_list":["post-4277","page","type-page","status-publish","has-post-thumbnail","hentry"],"yoast_head":"<!-- This site is optimized with the Yoast SEO plugin v27.6 - https:\/\/yoast.com\/product\/yoast-seo-wordpress\/ -->\n<title>Assembl\u00e9e g\u00e9n\u00e9rale<\/title>\n<meta name=\"description\" content=\"L&#039;assembl\u00e9e g\u00e9n\u00e9rale annuelle de l&#039;ESC se tiendra le 8 mai, de 19 h \u00e0 21 h. La r\u00e9union se tiendra en ligne. Les membres de l&#039;ESC recevront une invitation et la documentation n\u00e9cessaire d\u00e9but avril. Si votre organisation n&#039;est pas encore membre et que vous souhaitez participer \u00e0 l&#039;Assembl\u00e9e g\u00e9n\u00e9rale pour suivre le travail passionnant\u2026\" \/>\n<meta name=\"robots\" content=\"index, follow, max-snippet:-1, max-image-preview:large, max-video-preview:-1\" \/>\n<link rel=\"canonical\" href=\"http:\/\/L'assembl\u00e9e%20g\u00e9n\u00e9rale%20annuelle%20de%20l'ESC%20se%20tiendra%20le%208%20mai,%20de%2019%20h%20\u00e0%2021%20h.%20La%20r\u00e9union%20se%20tiendra%20en%20ligne.%20Les%20membres%20de%20l'ESC%20recevront%20une%20invitation%20et%20la%20documentation%20n\u00e9cessaire%20d\u00e9but%20avril.%20Si%20votre%20organisation%20n'est%20pas%20encore%20membre%20et%20que%20vous%20souhaitez%20participer%20\u00e0%20l'Assembl\u00e9e%20g\u00e9n\u00e9rale%20pour%20suivre%20le%20travail%20passionnant\u2026\" \/>\n<meta property=\"og:locale\" content=\"fr_FR\" \/>\n<meta property=\"og:type\" content=\"article\" \/>\n<meta property=\"og:title\" content=\"Assembl\u00e9e g\u00e9n\u00e9rale\" \/>\n<meta property=\"og:description\" content=\"L&#039;assembl\u00e9e g\u00e9n\u00e9rale annuelle de l&#039;ESC se tiendra le 8 mai, de 19 h \u00e0 21 h. La r\u00e9union se tiendra en ligne. Les membres de l&#039;ESC recevront une invitation et la documentation n\u00e9cessaire d\u00e9but avril. Si votre organisation n&#039;est pas encore membre et que vous souhaitez participer \u00e0 l&#039;Assembl\u00e9e g\u00e9n\u00e9rale pour suivre le travail passionnant\u2026\" \/>\n<meta property=\"og:url\" content=\"https:\/\/esc-info.eu\/fr\/about-us\/general-assembly\/\" \/>\n<meta property=\"og:site_name\" content=\"Europ\u00e9ens pour des Connexions S\u00fbres\" \/>\n<meta property=\"article:publisher\" content=\"https:\/\/www.facebook.com\/people\/Europeans-for-Safe-Connections-ESC\/100082714988907\/\" \/>\n<meta property=\"article:modified_time\" content=\"2026-03-24T21:27:05+00:00\" \/>\n<meta property=\"og:image\" content=\"https:\/\/esc-info.eu\/wp-content\/uploads\/2024\/03\/general-assembly-2024.jpg\" \/>\n\t<meta property=\"og:image:width\" content=\"1204\" \/>\n\t<meta property=\"og:image:height\" content=\"435\" \/>\n\t<meta property=\"og:image:type\" content=\"image\/jpeg\" \/>\n<meta name=\"twitter:card\" content=\"summary_large_image\" \/>\n<meta name=\"twitter:site\" content=\"@SignECIStop5G\" \/>\n<meta name=\"twitter:label1\" content=\"Dur\u00e9e de lecture estim\u00e9e\" \/>\n\t<meta name=\"twitter:data1\" content=\"1 minute\" \/>\n<script type=\"application\/ld+json\" class=\"yoast-schema-graph\">{\"@context\":\"https:\\\/\\\/schema.org\",\"@graph\":[{\"@type\":\"WebPage\",\"@id\":\"https:\\\/\\\/esc-info.eu\\\/fr\\\/about-us\\\/general-assembly\\\/\",\"url\":\"https:\\\/\\\/esc-info.eu\\\/fr\\\/about-us\\\/general-assembly\\\/\",\"name\":\"General Assembly - Europ\u00e9ens pour des Connexions S\u00fbres\",\"isPartOf\":{\"@id\":\"https:\\\/\\\/esc-info.eu\\\/#website\"},\"primaryImageOfPage\":{\"@id\":\"https:\\\/\\\/esc-info.eu\\\/fr\\\/about-us\\\/general-assembly\\\/#primaryimage\"},\"image\":{\"@id\":\"https:\\\/\\\/esc-info.eu\\\/fr\\\/about-us\\\/general-assembly\\\/#primaryimage\"},\"thumbnailUrl\":\"https:\\\/\\\/esc-info.eu\\\/wp-content\\\/uploads\\\/2024\\\/03\\\/general-assembly-2024.jpg\",\"datePublished\":\"2023-09-19T18:37:07+00:00\",\"dateModified\":\"2026-03-24T21:27:05+00:00\",\"breadcrumb\":{\"@id\":\"https:\\\/\\\/esc-info.eu\\\/fr\\\/about-us\\\/general-assembly\\\/#breadcrumb\"},\"inLanguage\":\"fr-FR\",\"potentialAction\":[{\"@type\":\"ReadAction\",\"target\":[\"https:\\\/\\\/esc-info.eu\\\/fr\\\/about-us\\\/general-assembly\\\/\"]}]},{\"@type\":\"ImageObject\",\"inLanguage\":\"fr-FR\",\"@id\":\"https:\\\/\\\/esc-info.eu\\\/fr\\\/about-us\\\/general-assembly\\\/#primaryimage\",\"url\":\"https:\\\/\\\/esc-info.eu\\\/wp-content\\\/uploads\\\/2024\\\/03\\\/general-assembly-2024.jpg\",\"contentUrl\":\"https:\\\/\\\/esc-info.eu\\\/wp-content\\\/uploads\\\/2024\\\/03\\\/general-assembly-2024.jpg\",\"width\":1204,\"height\":435,\"caption\":\"General Assembly\"},{\"@type\":\"BreadcrumbList\",\"@id\":\"https:\\\/\\\/esc-info.eu\\\/fr\\\/about-us\\\/general-assembly\\\/#breadcrumb\",\"itemListElement\":[{\"@type\":\"ListItem\",\"position\":1,\"name\":\"Accueil\",\"item\":\"https:\\\/\\\/esc-info.eu\\\/\"},{\"@type\":\"ListItem\",\"position\":2,\"name\":\"\u00c0 propos de nous\",\"item\":\"https:\\\/\\\/esc-info.eu\\\/about-us\\\/\"},{\"@type\":\"ListItem\",\"position\":3,\"name\":\"Assembl\u00e9e g\u00e9n\u00e9rale\"}]},{\"@type\":\"WebSite\",\"@id\":\"https:\\\/\\\/esc-info.eu\\\/fr\\\/#website\",\"url\":\"https:\\\/\\\/esc-info.eu\\\/fr\\\/\",\"name\":\"Europeans for Safe Connections\",\"description\":\"Europ\u00e9ens pour des\\r\\nConnexions S\u00fbres\",\"publisher\":{\"@id\":\"https:\\\/\\\/esc-info.eu\\\/fr\\\/#organization\"},\"potentialAction\":[{\"@type\":\"SearchAction\",\"target\":{\"@type\":\"EntryPoint\",\"urlTemplate\":\"https:\\\/\\\/esc-info.eu\\\/fr\\\/?s={search_term_string}\"},\"query-input\":{\"@type\":\"PropertyValueSpecification\",\"valueRequired\":true,\"valueName\":\"search_term_string\"}}],\"inLanguage\":\"fr-FR\"},{\"@type\":\"Organization\",\"@id\":\"https:\\\/\\\/esc-info.eu\\\/fr\\\/#organization\",\"name\":\"Europeans for Safe Connections\",\"url\":\"https:\\\/\\\/esc-info.eu\\\/fr\\\/\",\"logo\":{\"@type\":\"ImageObject\",\"inLanguage\":\"fr-FR\",\"@id\":\"https:\\\/\\\/esc-info.eu\\\/fr\\\/#\\\/schema\\\/logo\\\/image\\\/\",\"url\":\"https:\\\/\\\/esc-info.eu\\\/wp-content\\\/uploads\\\/2025\\\/12\\\/ESC-logo.png\",\"contentUrl\":\"https:\\\/\\\/esc-info.eu\\\/wp-content\\\/uploads\\\/2025\\\/12\\\/ESC-logo.png\",\"width\":500,\"height\":215,\"caption\":\"Europeans for Safe Connections\"},\"image\":{\"@id\":\"https:\\\/\\\/esc-info.eu\\\/fr\\\/#\\\/schema\\\/logo\\\/image\\\/\"},\"sameAs\":[\"https:\\\/\\\/www.facebook.com\\\/people\\\/Europeans-for-Safe-Connections-ESC\\\/100082714988907\\\/\",\"https:\\\/\\\/x.com\\\/SignECIStop5G\",\"https:\\\/\\\/t.me\\\/Stop5G_Stay_Connected_but_Protec\",\"https:\\\/\\\/www.youtube.com\\\/channel\\\/UCj1sDgD1bXyhV5CZU7EzymQ\\\/playlists\",\"https:\\\/\\\/www.instagram.com\\\/Stay_Connected_But_Protected\\\/\"]}]}<\/script>\n<!-- \/ Yoast SEO plugin. -->","yoast_head_json":{"title":"Assembl\u00e9e g\u00e9n\u00e9rale","description":"L'assembl\u00e9e g\u00e9n\u00e9rale annuelle de l'ESC se tiendra le 8 mai, de 19 h \u00e0 21 h. La r\u00e9union se tiendra en ligne. Les membres de l'ESC recevront une invitation et la documentation n\u00e9cessaire d\u00e9but avril. Si votre organisation n'est pas encore membre et que vous souhaitez participer \u00e0 l'Assembl\u00e9e g\u00e9n\u00e9rale pour suivre le travail passionnant\u2026","robots":{"index":"index","follow":"follow","max-snippet":"max-snippet:-1","max-image-preview":"max-image-preview:large","max-video-preview":"max-video-preview:-1"},"canonical":"L'assembl\u00e9e g\u00e9n\u00e9rale annuelle de l'ESC se tiendra le 8 mai, de 19 h \u00e0 21 h. La r\u00e9union se tiendra en ligne. Les membres de l'ESC recevront une invitation et la documentation n\u00e9cessaire d\u00e9but avril. Si votre organisation n'est pas encore membre et que vous souhaitez participer \u00e0 l'Assembl\u00e9e g\u00e9n\u00e9rale pour suivre le travail passionnant\u2026","og_locale":"fr_FR","og_type":"article","og_title":"Assembl\u00e9e g\u00e9n\u00e9rale","og_description":"L'assembl\u00e9e g\u00e9n\u00e9rale annuelle de l'ESC se tiendra le 8 mai, de 19 h \u00e0 21 h. La r\u00e9union se tiendra en ligne. Les membres de l'ESC recevront une invitation et la documentation n\u00e9cessaire d\u00e9but avril. Si votre organisation n'est pas encore membre et que vous souhaitez participer \u00e0 l'Assembl\u00e9e g\u00e9n\u00e9rale pour suivre le travail passionnant\u2026","og_url":"https:\/\/esc-info.eu\/fr\/about-us\/general-assembly\/","og_site_name":"Europ\u00e9ens pour des Connexions S\u00fbres","article_publisher":"https:\/\/www.facebook.com\/people\/Europeans-for-Safe-Connections-ESC\/100082714988907\/","article_modified_time":"2026-03-24T21:27:05+00:00","og_image":[{"width":1204,"height":435,"url":"https:\/\/esc-info.eu\/wp-content\/uploads\/2024\/03\/general-assembly-2024.jpg","type":"image\/jpeg"}],"twitter_card":"summary_large_image","twitter_site":"@SignECIStop5G","twitter_misc":{"Dur\u00e9e de lecture estim\u00e9e":"1 minute"},"schema":{"@context":"https:\/\/schema.org","@graph":[{"@type":"WebPage","@id":"https:\/\/esc-info.eu\/fr\/about-us\/general-assembly\/","url":"https:\/\/esc-info.eu\/fr\/about-us\/general-assembly\/","name":"General Assembly - Europ\u00e9ens pour des Connexions S\u00fbres","isPartOf":{"@id":"https:\/\/esc-info.eu\/#website"},"primaryImageOfPage":{"@id":"https:\/\/esc-info.eu\/fr\/about-us\/general-assembly\/#primaryimage"},"image":{"@id":"https:\/\/esc-info.eu\/fr\/about-us\/general-assembly\/#primaryimage"},"thumbnailUrl":"https:\/\/esc-info.eu\/wp-content\/uploads\/2024\/03\/general-assembly-2024.jpg","datePublished":"2023-09-19T18:37:07+00:00","dateModified":"2026-03-24T21:27:05+00:00","breadcrumb":{"@id":"https:\/\/esc-info.eu\/fr\/about-us\/general-assembly\/#breadcrumb"},"inLanguage":"fr-FR","potentialAction":[{"@type":"ReadAction","target":["https:\/\/esc-info.eu\/fr\/about-us\/general-assembly\/"]}]},{"@type":"ImageObject","inLanguage":"fr-FR","@id":"https:\/\/esc-info.eu\/fr\/about-us\/general-assembly\/#primaryimage","url":"https:\/\/esc-info.eu\/wp-content\/uploads\/2024\/03\/general-assembly-2024.jpg","contentUrl":"https:\/\/esc-info.eu\/wp-content\/uploads\/2024\/03\/general-assembly-2024.jpg","width":1204,"height":435,"caption":"General Assembly"},{"@type":"BreadcrumbList","@id":"https:\/\/esc-info.eu\/fr\/about-us\/general-assembly\/#breadcrumb","itemListElement":[{"@type":"ListItem","position":1,"name":"Accueil","item":"https:\/\/esc-info.eu\/"},{"@type":"ListItem","position":2,"name":"\u00c0 propos de nous","item":"https:\/\/esc-info.eu\/about-us\/"},{"@type":"ListItem","position":3,"name":"Assembl\u00e9e g\u00e9n\u00e9rale"}]},{"@type":"WebSite","@id":"https:\/\/esc-info.eu\/fr\/#website","url":"https:\/\/esc-info.eu\/fr\/","name":"Europeans for Safe Connections","description":"Europ\u00e9ens pour des\r\nConnexions S\u00fbres","publisher":{"@id":"https:\/\/esc-info.eu\/fr\/#organization"},"potentialAction":[{"@type":"SearchAction","target":{"@type":"EntryPoint","urlTemplate":"https:\/\/esc-info.eu\/fr\/?s={search_term_string}"},"query-input":{"@type":"PropertyValueSpecification","valueRequired":true,"valueName":"search_term_string"}}],"inLanguage":"fr-FR"},{"@type":"Organization","@id":"https:\/\/esc-info.eu\/fr\/#organization","name":"Europeans for Safe Connections","url":"https:\/\/esc-info.eu\/fr\/","logo":{"@type":"ImageObject","inLanguage":"fr-FR","@id":"https:\/\/esc-info.eu\/fr\/#\/schema\/logo\/image\/","url":"https:\/\/esc-info.eu\/wp-content\/uploads\/2025\/12\/ESC-logo.png","contentUrl":"https:\/\/esc-info.eu\/wp-content\/uploads\/2025\/12\/ESC-logo.png","width":500,"height":215,"caption":"Europeans for Safe Connections"},"image":{"@id":"https:\/\/esc-info.eu\/fr\/#\/schema\/logo\/image\/"},"sameAs":["https:\/\/www.facebook.com\/people\/Europeans-for-Safe-Connections-ESC\/100082714988907\/","https:\/\/x.com\/SignECIStop5G","https:\/\/t.me\/Stop5G_Stay_Connected_but_Protec","https:\/\/www.youtube.com\/channel\/UCj1sDgD1bXyhV5CZU7EzymQ\/playlists","https:\/\/www.instagram.com\/Stay_Connected_But_Protected\/"]}]}},"_links":{"self":[{"href":"https:\/\/esc-info.eu\/fr\/wp-json\/wp\/v2\/pages\/4277","targetHints":{"allow":["GET"]}}],"collection":[{"href":"https:\/\/esc-info.eu\/fr\/wp-json\/wp\/v2\/pages"}],"about":[{"href":"https:\/\/esc-info.eu\/fr\/wp-json\/wp\/v2\/types\/page"}],"author":[{"embeddable":true,"href":"https:\/\/esc-info.eu\/fr\/wp-json\/wp\/v2\/users\/2"}],"replies":[{"embeddable":true,"href":"https:\/\/esc-info.eu\/fr\/wp-json\/wp\/v2\/comments?post=4277"}],"version-history":[{"count":23,"href":"https:\/\/esc-info.eu\/fr\/wp-json\/wp\/v2\/pages\/4277\/revisions"}],"predecessor-version":[{"id":12696,"href":"https:\/\/esc-info.eu\/fr\/wp-json\/wp\/v2\/pages\/4277\/revisions\/12696"}],"up":[{"embeddable":true,"href":"https:\/\/esc-info.eu\/fr\/wp-json\/wp\/v2\/pages\/1155"}],"wp:featuredmedia":[{"embeddable":true,"href":"https:\/\/esc-info.eu\/fr\/wp-json\/wp\/v2\/media\/6775"}],"wp:attachment":[{"href":"https:\/\/esc-info.eu\/fr\/wp-json\/wp\/v2\/media?parent=4277"}],"curies":[{"name":"wp","href":"https:\/\/api.w.org\/{rel}","templated":true}]}}